{"id":1129,"date":"2026-03-05T09:57:57","date_gmt":"2026-03-05T12:57:57","guid":{"rendered":"https:\/\/tucasaambientes.com.br\/?page_id=1129"},"modified":"2026-03-05T14:34:17","modified_gmt":"2026-03-05T17:34:17","slug":"escritorio","status":"publish","type":"page","link":"https:\/\/tucasaambientes.com.br\/index.php\/escritorio\/","title":{"rendered":"Escrit\u00f3rio"},"content":{"rendered":"\t\t<div data-elementor-type=\"wp-page\" data-elementor-id=\"1129\" class=\"elementor elementor-1129\">\n\t\t\t\t<div class=\"elementor-element elementor-element-24d0d16 e-flex e-con-boxed e-con e-parent\" data-id=\"24d0d16\" data-element_type=\"container\" data-e-type=\"container\">\n\t\t\t\t\t<div class=\"e-con-inner\">\n\t\t\t\t<div class=\"elementor-element elementor-element-5cbe50f elementor-widget elementor-widget-heading\" data-id=\"5cbe50f\" data-element_type=\"widget\" data-e-type=\"widget\" data-widget_type=\"heading.default\">\n\t\t\t\t\t<h2 class=\"elementor-heading-title elementor-size-default\">PORTIF\u00d3LIO ESCRIT\u00d3RIO<\/h2>\t\t\t\t<\/div>\n\t\t\t\t<div class=\"elementor-element elementor-element-40d2321 elementor-widget elementor-widget-heading\" data-id=\"40d2321\" data-element_type=\"widget\" data-e-type=\"widget\" data-widget_type=\"heading.default\">\n\t\t\t\t\t<h2 class=\"elementor-heading-title elementor-size-default\">Escrit\u00f3rios para se Inspirar<\/h2>\t\t\t\t<\/div>\n\t\t\t\t<div class=\"elementor-element elementor-element-e4996e0 elementor-widget elementor-widget-heading\" data-id=\"e4996e0\" data-element_type=\"widget\" data-e-type=\"widget\" data-widget_type=\"heading.default\">\n\t\t\t\t\t<h2 class=\"elementor-heading-title elementor-size-default\">O escrit\u00f3rio \u00e9 um espa\u00e7o pensado para foco, produtividade e organiza\u00e7\u00e3o. Um ambiente bem planejado transforma a rotina de trabalho, unindo conforto, funcionalidade e design. Com m\u00f3veis sob medida, cada detalhe \u00e9 projetado para aproveitar melhor o espa\u00e7o e criar um local agrad\u00e1vel para trabalhar, estudar ou desenvolver novas ideias.<\/h2>\t\t\t\t<\/div>\n\t\t\t\t\t<\/div>\n\t\t\t\t<\/div>\n\t\t<div class=\"elementor-element elementor-element-f4e621f e-flex e-con-boxed e-con e-parent\" data-id=\"f4e621f\" data-element_type=\"container\" data-e-type=\"container\">\n\t\t\t\t\t<div class=\"e-con-inner\">\n\t\t<div class=\"elementor-element elementor-element-11f0cbc e-con-full e-flex e-con e-child\" data-id=\"11f0cbc\" data-element_type=\"container\" data-e-type=\"container\">\n\t\t\t\t<div class=\"elementor-element elementor-element-8a38152 elementor-widget__width-initial elementor-position-top elementor-widget elementor-widget-image-box\" data-id=\"8a38152\" data-element_type=\"widget\" data-e-type=\"widget\" data-widget_type=\"image-box.default\">\n\t\t\t\t\t<div class=\"elementor-image-box-wrapper\"><figure class=\"elementor-image-box-img\"><img fetchpriority=\"high\" decoding=\"async\" width=\"1440\" height=\"2560\" src=\"https:\/\/tucasaambientes.com.br\/wp-content\/uploads\/2026\/03\/IMG_7438-scaled.jpg\" class=\"elementor-animation-shrink attachment-full size-full wp-image-1181\" alt=\"\" srcset=\"https:\/\/tucasaambientes.com.br\/wp-content\/uploads\/2026\/03\/IMG_7438-scaled.jpg 1440w, https:\/\/tucasaambientes.com.br\/wp-content\/uploads\/2026\/03\/IMG_7438-169x300.jpg 169w, https:\/\/tucasaambientes.com.br\/wp-content\/uploads\/2026\/03\/IMG_7438-576x1024.jpg 576w, https:\/\/tucasaambientes.com.br\/wp-content\/uploads\/2026\/03\/IMG_7438-768x1365.jpg 768w, https:\/\/tucasaambientes.com.br\/wp-content\/uploads\/2026\/03\/IMG_7438-864x1536.jpg 864w, https:\/\/tucasaambientes.com.br\/wp-content\/uploads\/2026\/03\/IMG_7438-1152x2048.jpg 1152w\" sizes=\"(max-width: 1440px) 100vw, 1440px\" \/><\/figure><div class=\"elementor-image-box-content\"><h3 class=\"elementor-image-box-title\">Eleg\u00e2ncia Executiva<\/h3><p class=\"elementor-image-box-description\">A combina\u00e7\u00e3o de tons escuros com madeira cria um ambiente sofisticado e imponente. As estantes integradas organizam livros e objetos, trazendo personalidade e funcionalidade ao espa\u00e7o de trabalho.\n<\/p><\/div><\/div>\t\t\t\t<\/div>\n\t\t\t\t<\/div>\n\t\t<div class=\"elementor-element elementor-element-9d253bb e-con-full e-flex e-con e-child\" data-id=\"9d253bb\" data-element_type=\"container\" data-e-type=\"container\">\n\t\t\t\t<div class=\"elementor-element elementor-element-45255d5 elementor-widget__width-initial elementor-position-top elementor-widget elementor-widget-image-box\" data-id=\"45255d5\" data-element_type=\"widget\" data-e-type=\"widget\" data-widget_type=\"image-box.default\">\n\t\t\t\t\t<div class=\"elementor-image-box-wrapper\"><figure class=\"elementor-image-box-img\"><img decoding=\"async\" width=\"1440\" height=\"2560\" src=\"https:\/\/tucasaambientes.com.br\/wp-content\/uploads\/2026\/03\/IMG_6266-scaled.jpg\" class=\"elementor-animation-shrink attachment-full size-full wp-image-1179\" alt=\"\" srcset=\"https:\/\/tucasaambientes.com.br\/wp-content\/uploads\/2026\/03\/IMG_6266-scaled.jpg 1440w, https:\/\/tucasaambientes.com.br\/wp-content\/uploads\/2026\/03\/IMG_6266-169x300.jpg 169w, https:\/\/tucasaambientes.com.br\/wp-content\/uploads\/2026\/03\/IMG_6266-576x1024.jpg 576w, https:\/\/tucasaambientes.com.br\/wp-content\/uploads\/2026\/03\/IMG_6266-768x1365.jpg 768w, https:\/\/tucasaambientes.com.br\/wp-content\/uploads\/2026\/03\/IMG_6266-864x1536.jpg 864w, https:\/\/tucasaambientes.com.br\/wp-content\/uploads\/2026\/03\/IMG_6266-1152x2048.jpg 1152w\" sizes=\"(max-width: 1440px) 100vw, 1440px\" \/><\/figure><div class=\"elementor-image-box-content\"><h3 class=\"elementor-image-box-title\">Criatividade Organizada<\/h3><p class=\"elementor-image-box-description\">Um espa\u00e7o pensado para quem precisa de organiza\u00e7\u00e3o e inspira\u00e7\u00e3o. As prateleiras modulares criam um visual marcante e funcional, ideal para armazenar livros, cole\u00e7\u00f5es e materiais de trabalho.<\/p><\/div><\/div>\t\t\t\t<\/div>\n\t\t\t\t<\/div>\n\t\t<div class=\"elementor-element elementor-element-34bea8f e-con-full e-flex e-con e-child\" data-id=\"34bea8f\" data-element_type=\"container\" data-e-type=\"container\">\n\t\t\t\t<div class=\"elementor-element elementor-element-f95f4df elementor-position-top elementor-widget elementor-widget-image-box\" data-id=\"f95f4df\" data-element_type=\"widget\" data-e-type=\"widget\" data-widget_type=\"image-box.default\">\n\t\t\t\t\t<div class=\"elementor-image-box-wrapper\"><figure class=\"elementor-image-box-img\"><img decoding=\"async\" width=\"1440\" height=\"2560\" src=\"https:\/\/tucasaambientes.com.br\/wp-content\/uploads\/2026\/03\/IMG_6225-scaled.jpg\" class=\"elementor-animation-shrink attachment-full size-full wp-image-1178\" alt=\"\" srcset=\"https:\/\/tucasaambientes.com.br\/wp-content\/uploads\/2026\/03\/IMG_6225-scaled.jpg 1440w, https:\/\/tucasaambientes.com.br\/wp-content\/uploads\/2026\/03\/IMG_6225-169x300.jpg 169w, https:\/\/tucasaambientes.com.br\/wp-content\/uploads\/2026\/03\/IMG_6225-576x1024.jpg 576w, https:\/\/tucasaambientes.com.br\/wp-content\/uploads\/2026\/03\/IMG_6225-768x1365.jpg 768w, https:\/\/tucasaambientes.com.br\/wp-content\/uploads\/2026\/03\/IMG_6225-864x1536.jpg 864w, https:\/\/tucasaambientes.com.br\/wp-content\/uploads\/2026\/03\/IMG_6225-1152x2048.jpg 1152w\" sizes=\"(max-width: 1440px) 100vw, 1440px\" \/><\/figure><div class=\"elementor-image-box-content\"><h3 class=\"elementor-image-box-title\"> Minimalismo Funcional<\/h3><p class=\"elementor-image-box-description\">Linhas simples e cores claras criam um ambiente leve e organizado. A marcenaria planejada aproveita cada espa\u00e7o com eleg\u00e2ncia, tornando o escrit\u00f3rio pr\u00e1tico e confort\u00e1vel para o dia a dia.<\/p><\/div><\/div>\t\t\t\t<\/div>\n\t\t\t\t<\/div>\n\t\t<div class=\"elementor-element elementor-element-1c2294a e-con-full e-flex e-con e-child\" data-id=\"1c2294a\" data-element_type=\"container\" data-e-type=\"container\">\n\t\t\t\t<div class=\"elementor-element elementor-element-2e34d5f elementor-position-top elementor-widget elementor-widget-image-box\" data-id=\"2e34d5f\" data-element_type=\"widget\" data-e-type=\"widget\" data-widget_type=\"image-box.default\">\n\t\t\t\t\t<div class=\"elementor-image-box-wrapper\"><figure class=\"elementor-image-box-img\"><img loading=\"lazy\" decoding=\"async\" width=\"1440\" height=\"2560\" src=\"https:\/\/tucasaambientes.com.br\/wp-content\/uploads\/2026\/03\/IMG_5648-scaled.jpg\" class=\"elementor-animation-shrink attachment-full size-full wp-image-1176\" alt=\"\" srcset=\"https:\/\/tucasaambientes.com.br\/wp-content\/uploads\/2026\/03\/IMG_5648-scaled.jpg 1440w, https:\/\/tucasaambientes.com.br\/wp-content\/uploads\/2026\/03\/IMG_5648-169x300.jpg 169w, https:\/\/tucasaambientes.com.br\/wp-content\/uploads\/2026\/03\/IMG_5648-576x1024.jpg 576w, https:\/\/tucasaambientes.com.br\/wp-content\/uploads\/2026\/03\/IMG_5648-768x1365.jpg 768w, https:\/\/tucasaambientes.com.br\/wp-content\/uploads\/2026\/03\/IMG_5648-864x1536.jpg 864w, https:\/\/tucasaambientes.com.br\/wp-content\/uploads\/2026\/03\/IMG_5648-1152x2048.jpg 1152w\" sizes=\"(max-width: 1440px) 100vw, 1440px\" \/><\/figure><div class=\"elementor-image-box-content\"><h3 class=\"elementor-image-box-title\">Moderno e Aconchegante<\/h3><p class=\"elementor-image-box-description\">A combina\u00e7\u00e3o de madeira, ilumina\u00e7\u00e3o em LED e tons suaves cria um ambiente acolhedor e contempor\u00e2neo, ideal para trabalhar ou estudar com conforto e estilo.\n<\/p><\/div><\/div>\t\t\t\t<\/div>\n\t\t\t\t<\/div>\n\t\t\t\t\t<\/div>\n\t\t\t\t<\/div>\n\t\t<div class=\"elementor-element elementor-element-43075ef e-flex e-con-boxed e-con e-parent\" data-id=\"43075ef\" data-element_type=\"container\" data-e-type=\"container\">\n\t\t\t\t\t<div class=\"e-con-inner\">\n\t\t\t\t<div class=\"elementor-element elementor-element-2356877 elementor-widget elementor-widget-heading\" data-id=\"2356877\" data-element_type=\"widget\" data-e-type=\"widget\" data-widget_type=\"heading.default\">\n\t\t\t\t\t<h2 class=\"elementor-heading-title elementor-size-default\">Experi\u00eancia completa em v\u00eddeo<\/h2>\t\t\t\t<\/div>\n\t\t\t\t<div class=\"elementor-element elementor-element-1035352 elementor-widget elementor-widget-heading\" data-id=\"1035352\" data-element_type=\"widget\" data-e-type=\"widget\" data-widget_type=\"heading.default\">\n\t\t\t\t\t<h2 class=\"elementor-heading-title elementor-size-default\">N\u00f3s v\u00eddeos abaixo, voc\u00ea confere mais detalhes, acabamentos e solu\u00e7\u00f5es aplicadas em diferentes projetos de escrit\u00f3rios.<\/h2>\t\t\t\t<\/div>\n\t\t\t\t\t<\/div>\n\t\t\t\t<\/div>\n\t\t<div class=\"elementor-element elementor-element-bac8a9f e-flex e-con-boxed e-con e-parent\" data-id=\"bac8a9f\" data-element_type=\"container\" data-e-type=\"container\">\n\t\t\t\t\t<div class=\"e-con-inner\">\n\t\t<div class=\"elementor-element elementor-element-4f13867 e-con-full e-flex e-con e-child\" data-id=\"4f13867\" data-element_type=\"container\" data-e-type=\"container\">\n\t\t\t\t<div class=\"elementor-element elementor-element-fafe0ef elementor-widget elementor-widget-wp-widget-media_video\" data-id=\"fafe0ef\" data-element_type=\"widget\" data-e-type=\"widget\" data-widget_type=\"wp-widget-media_video.default\">\n\t\t\t\t<div class=\"elementor-widget-container\">\n\t\t\t\t\t<div style=\"width:100%;\" class=\"wp-video\"><video class=\"wp-video-shortcode\" id=\"video-1129-1\" preload=\"auto\" controls=\"controls\"><source type=\"video\/mp4\" src=\"https:\/\/tucasaambientes.com.br\/wp-content\/uploads\/2026\/03\/escritorio.mp4?_=1\" \/><source type=\"video\/mp4\" src=\"http:\/\/tucasaambientes.com.br\/wp-content\/uploads\/2026\/03\/escritorio.mp4?_=1\" \/><a href=\"https:\/\/tucasaambientes.com.br\/wp-content\/uploads\/2026\/03\/escritorio.mp4\">https:\/\/tucasaambientes.com.br\/wp-content\/uploads\/2026\/03\/escritorio.mp4<\/a><\/video><\/div>\t\t\t\t<\/div>\n\t\t\t\t<\/div>\n\t\t\t\t<\/div>\n\t\t<div class=\"elementor-element elementor-element-2e5eab0 e-con-full e-flex e-con e-child\" data-id=\"2e5eab0\" data-element_type=\"container\" data-e-type=\"container\">\n\t\t\t\t<div class=\"elementor-element elementor-element-8d18704 elementor-widget elementor-widget-wp-widget-media_video\" data-id=\"8d18704\" data-element_type=\"widget\" data-e-type=\"widget\" data-widget_type=\"wp-widget-media_video.default\">\n\t\t\t\t<div class=\"elementor-widget-container\">\n\t\t\t\t\t<div style=\"width:100%;\" class=\"wp-video\"><video class=\"wp-video-shortcode\" id=\"video-1129-2\" preload=\"auto\" controls=\"controls\"><source type=\"video\/mp4\" src=\"https:\/\/tucasaambientes.com.br\/wp-content\/uploads\/2026\/03\/estantecarrinhos.mp4?_=2\" \/><source type=\"video\/mp4\" src=\"http:\/\/tucasaambientes.com.br\/wp-content\/uploads\/2026\/03\/estantecarrinhos.mp4?_=2\" \/><a href=\"https:\/\/tucasaambientes.com.br\/wp-content\/uploads\/2026\/03\/estantecarrinhos.mp4\">https:\/\/tucasaambientes.com.br\/wp-content\/uploads\/2026\/03\/estantecarrinhos.mp4<\/a><\/video><\/div>\t\t\t\t<\/div>\n\t\t\t\t<\/div>\n\t\t\t\t<\/div>\n\t\t<div class=\"elementor-element elementor-element-5efdfff e-con-full e-flex e-con e-child\" data-id=\"5efdfff\" data-element_type=\"container\" data-e-type=\"container\">\n\t\t\t\t<div class=\"elementor-element elementor-element-0f04208 elementor-widget elementor-widget-wp-widget-media_video\" data-id=\"0f04208\" data-element_type=\"widget\" data-e-type=\"widget\" data-widget_type=\"wp-widget-media_video.default\">\n\t\t\t\t<div class=\"elementor-widget-container\">\n\t\t\t\t\t<div style=\"width:100%;\" class=\"wp-video\"><video class=\"wp-video-shortcode\" id=\"video-1129-3\" preload=\"auto\" controls=\"controls\"><source type=\"video\/mp4\" src=\"https:\/\/tucasaambientes.com.br\/wp-content\/uploads\/2026\/03\/Planejado-pra-crescer-com-ele-e-acompanhar-cada-fase-\ud83d\udc99.mp4?_=3\" \/><source type=\"video\/mp4\" src=\"http:\/\/tucasaambientes.com.br\/wp-content\/uploads\/2026\/03\/Planejado-pra-crescer-com-ele-e-acompanhar-cada-fase-\ud83d\udc99.mp4?_=3\" \/><a href=\"https:\/\/tucasaambientes.com.br\/wp-content\/uploads\/2026\/03\/Planejado-pra-crescer-com-ele-e-acompanhar-cada-fase-\ud83d\udc99.mp4\">https:\/\/tucasaambientes.com.br\/wp-content\/uploads\/2026\/03\/Planejado-pra-crescer-com-ele-e-acompanhar-cada-fase-\ud83d\udc99.mp4<\/a><\/video><\/div>\t\t\t\t<\/div>\n\t\t\t\t<\/div>\n\t\t\t\t<\/div>\n\t\t\t\t\t<\/div>\n\t\t\t\t<\/div>\n\t\t\t\t<\/div>\n\t\t","protected":false},"excerpt":{"rendered":"<p>PORTIF\u00d3LIO ESCRIT\u00d3RIO Escrit\u00f3rios para se Inspirar O escrit\u00f3rio \u00e9 um espa\u00e7o pensado para foco, produtividade e organiza\u00e7\u00e3o. Um ambiente bem planejado transforma a rotina de trabalho, unindo conforto, funcionalidade e design. Com m\u00f3veis sob medida, cada detalhe \u00e9 projetado para aproveitar melhor o espa\u00e7o e criar um local agrad\u00e1vel para trabalhar, estudar ou desenvolver novas [&hellip;]<\/p>\n","protected":false},"author":1,"featured_media":0,"parent":0,"menu_order":0,"comment_status":"closed","ping_status":"closed","template":"elementor_header_footer","meta":{"_joinchat":[],"footnotes":""},"class_list":["post-1129","page","type-page","status-publish","hentry"],"_links":{"self":[{"href":"https:\/\/tucasaambientes.com.br\/index.php\/wp-json\/wp\/v2\/pages\/1129","targetHints":{"allow":["GET"]}}],"collection":[{"href":"https:\/\/tucasaambientes.com.br\/index.php\/wp-json\/wp\/v2\/pages"}],"about":[{"href":"https:\/\/tucasaambientes.com.br\/index.php\/wp-json\/wp\/v2\/types\/page"}],"author":[{"embeddable":true,"href":"https:\/\/tucasaambientes.com.br\/index.php\/wp-json\/wp\/v2\/users\/1"}],"replies":[{"embeddable":true,"href":"https:\/\/tucasaambientes.com.br\/index.php\/wp-json\/wp\/v2\/comments?post=1129"}],"version-history":[{"count":13,"href":"https:\/\/tucasaambientes.com.br\/index.php\/wp-json\/wp\/v2\/pages\/1129\/revisions"}],"predecessor-version":[{"id":1225,"href":"https:\/\/tucasaambientes.com.br\/index.php\/wp-json\/wp\/v2\/pages\/1129\/revisions\/1225"}],"wp:attachment":[{"href":"https:\/\/tucasaambientes.com.br\/index.php\/wp-json\/wp\/v2\/media?parent=1129"}],"curies":[{"name":"wp","href":"https:\/\/api.w.org\/{rel}","templated":true}]}}