{"id":1119,"date":"2026-03-04T13:10:43","date_gmt":"2026-03-04T16:10:43","guid":{"rendered":"https:\/\/tucasaambientes.com.br\/?page_id=1119"},"modified":"2026-03-05T15:01:36","modified_gmt":"2026-03-05T18:01:36","slug":"lavabo-banheiro","status":"publish","type":"page","link":"https:\/\/tucasaambientes.com.br\/index.php\/lavabo-banheiro\/","title":{"rendered":"Lavabo \/ Banheiro"},"content":{"rendered":"\t\t<div data-elementor-type=\"wp-page\" data-elementor-id=\"1119\" class=\"elementor elementor-1119\">\n\t\t\t\t<div class=\"elementor-element elementor-element-dab542e e-flex e-con-boxed e-con e-parent\" data-id=\"dab542e\" data-element_type=\"container\" data-e-type=\"container\">\n\t\t\t\t\t<div class=\"e-con-inner\">\n\t\t\t\t<div class=\"elementor-element elementor-element-b66ec99 elementor-widget elementor-widget-heading\" data-id=\"b66ec99\" data-element_type=\"widget\" data-e-type=\"widget\" data-widget_type=\"heading.default\">\n\t\t\t\t\t<h2 class=\"elementor-heading-title elementor-size-default\">PORTIF\u00d3LIO LAVABO\/ BANHEIRO<\/h2>\t\t\t\t<\/div>\n\t\t\t\t<div class=\"elementor-element elementor-element-d1e5162 elementor-widget elementor-widget-heading\" data-id=\"d1e5162\" data-element_type=\"widget\" data-e-type=\"widget\" data-widget_type=\"heading.default\">\n\t\t\t\t\t<h2 class=\"elementor-heading-title elementor-size-default\">Banheiros para se Inspirar<\/h2>\t\t\t\t<\/div>\n\t\t\t\t<div class=\"elementor-element elementor-element-0a4fb1e elementor-widget elementor-widget-heading\" data-id=\"0a4fb1e\" data-element_type=\"widget\" data-e-type=\"widget\" data-widget_type=\"heading.default\">\n\t\t\t\t\t<h2 class=\"elementor-heading-title elementor-size-default\">O banheiro \u00e9 um espa\u00e7o de cuidado, bem-estar e tranquilidade dentro da casa. Com um projeto bem planejado, \u00e9 poss\u00edvel unir funcionalidade, conforto e est\u00e9tica, criando um ambiente agrad\u00e1vel para a rotina. Os m\u00f3veis sob medida permitem aproveitar melhor cada espa\u00e7o, trazendo organiza\u00e7\u00e3o e eleg\u00e2ncia ao ambiente.<\/h2>\t\t\t\t<\/div>\n\t\t\t\t\t<\/div>\n\t\t\t\t<\/div>\n\t\t<div class=\"elementor-element elementor-element-fffc860 e-flex e-con-boxed e-con e-parent\" data-id=\"fffc860\" data-element_type=\"container\" data-e-type=\"container\">\n\t\t\t\t\t<div class=\"e-con-inner\">\n\t\t<div class=\"elementor-element elementor-element-c4bdc06 e-con-full e-flex e-con e-child\" data-id=\"c4bdc06\" data-element_type=\"container\" data-e-type=\"container\">\n\t\t\t\t<div class=\"elementor-element elementor-element-24e6df4 elementor-position-top elementor-widget elementor-widget-image-box\" data-id=\"24e6df4\" data-element_type=\"widget\" data-e-type=\"widget\" data-widget_type=\"image-box.default\">\n\t\t\t\t\t<div class=\"elementor-image-box-wrapper\"><figure class=\"elementor-image-box-img\"><img fetchpriority=\"high\" decoding=\"async\" width=\"1440\" height=\"2560\" src=\"https:\/\/tucasaambientes.com.br\/wp-content\/uploads\/2026\/03\/IMG_0139-scaled.jpg\" class=\"elementor-animation-shrink attachment-full size-full wp-image-1228\" alt=\"\" srcset=\"https:\/\/tucasaambientes.com.br\/wp-content\/uploads\/2026\/03\/IMG_0139-scaled.jpg 1440w, https:\/\/tucasaambientes.com.br\/wp-content\/uploads\/2026\/03\/IMG_0139-169x300.jpg 169w, https:\/\/tucasaambientes.com.br\/wp-content\/uploads\/2026\/03\/IMG_0139-576x1024.jpg 576w, https:\/\/tucasaambientes.com.br\/wp-content\/uploads\/2026\/03\/IMG_0139-768x1365.jpg 768w, https:\/\/tucasaambientes.com.br\/wp-content\/uploads\/2026\/03\/IMG_0139-864x1536.jpg 864w, https:\/\/tucasaambientes.com.br\/wp-content\/uploads\/2026\/03\/IMG_0139-1152x2048.jpg 1152w\" sizes=\"(max-width: 1440px) 100vw, 1440px\" \/><\/figure><div class=\"elementor-image-box-content\"><h3 class=\"elementor-image-box-title\">Moderno<\/h3><p class=\"elementor-image-box-description\">A combina\u00e7\u00e3o entre tons escuros, ilumina\u00e7\u00e3o bem posicionada e materiais marcantes cria um banheiro sofisticado e cheio de personalidade. Um espa\u00e7o pensado para transformar a rotina em uma experi\u00eancia mais elegante.<\/p><\/div><\/div>\t\t\t\t<\/div>\n\t\t\t\t<\/div>\n\t\t<div class=\"elementor-element elementor-element-92bfa6a e-con-full e-flex e-con e-child\" data-id=\"92bfa6a\" data-element_type=\"container\" data-e-type=\"container\">\n\t\t\t\t<div class=\"elementor-element elementor-element-b079b28 elementor-position-top elementor-widget elementor-widget-image-box\" data-id=\"b079b28\" data-element_type=\"widget\" data-e-type=\"widget\" data-widget_type=\"image-box.default\">\n\t\t\t\t\t<div class=\"elementor-image-box-wrapper\"><figure class=\"elementor-image-box-img\"><img decoding=\"async\" width=\"1440\" height=\"2560\" src=\"https:\/\/tucasaambientes.com.br\/wp-content\/uploads\/2026\/03\/IMG_5677-scaled.jpg\" class=\"elementor-animation-shrink attachment-full size-full wp-image-1229\" alt=\"\" srcset=\"https:\/\/tucasaambientes.com.br\/wp-content\/uploads\/2026\/03\/IMG_5677-scaled.jpg 1440w, https:\/\/tucasaambientes.com.br\/wp-content\/uploads\/2026\/03\/IMG_5677-169x300.jpg 169w, https:\/\/tucasaambientes.com.br\/wp-content\/uploads\/2026\/03\/IMG_5677-576x1024.jpg 576w, https:\/\/tucasaambientes.com.br\/wp-content\/uploads\/2026\/03\/IMG_5677-768x1365.jpg 768w, https:\/\/tucasaambientes.com.br\/wp-content\/uploads\/2026\/03\/IMG_5677-864x1536.jpg 864w, https:\/\/tucasaambientes.com.br\/wp-content\/uploads\/2026\/03\/IMG_5677-1152x2048.jpg 1152w\" sizes=\"(max-width: 1440px) 100vw, 1440px\" \/><\/figure><div class=\"elementor-image-box-content\"><h3 class=\"elementor-image-box-title\">Elegante<\/h3><p class=\"elementor-image-box-description\">Bancada ampla, espelhos generosos e m\u00f3veis planejados que valorizam cada detalhe. A integra\u00e7\u00e3o dos elementos traz funcionalidade e um visual contempor\u00e2neo que amplia a sensa\u00e7\u00e3o de espa\u00e7o.\n<\/p><\/div><\/div>\t\t\t\t<\/div>\n\t\t\t\t<\/div>\n\t\t<div class=\"elementor-element elementor-element-dce07f7 e-con-full e-flex e-con e-child\" data-id=\"dce07f7\" data-element_type=\"container\" data-e-type=\"container\">\n\t\t\t\t<div class=\"elementor-element elementor-element-d3b1b93 elementor-position-top elementor-widget elementor-widget-image-box\" data-id=\"d3b1b93\" data-element_type=\"widget\" data-e-type=\"widget\" data-widget_type=\"image-box.default\">\n\t\t\t\t\t<div class=\"elementor-image-box-wrapper\"><figure class=\"elementor-image-box-img\"><img decoding=\"async\" width=\"1440\" height=\"2560\" src=\"https:\/\/tucasaambientes.com.br\/wp-content\/uploads\/2026\/03\/IMG_6226-scaled.jpg\" class=\"elementor-animation-shrink attachment-full size-full wp-image-1232\" alt=\"\" srcset=\"https:\/\/tucasaambientes.com.br\/wp-content\/uploads\/2026\/03\/IMG_6226-scaled.jpg 1440w, https:\/\/tucasaambientes.com.br\/wp-content\/uploads\/2026\/03\/IMG_6226-169x300.jpg 169w, https:\/\/tucasaambientes.com.br\/wp-content\/uploads\/2026\/03\/IMG_6226-576x1024.jpg 576w, https:\/\/tucasaambientes.com.br\/wp-content\/uploads\/2026\/03\/IMG_6226-768x1365.jpg 768w, https:\/\/tucasaambientes.com.br\/wp-content\/uploads\/2026\/03\/IMG_6226-864x1536.jpg 864w, https:\/\/tucasaambientes.com.br\/wp-content\/uploads\/2026\/03\/IMG_6226-1152x2048.jpg 1152w\" sizes=\"(max-width: 1440px) 100vw, 1440px\" \/><\/figure><div class=\"elementor-image-box-content\"><h3 class=\"elementor-image-box-title\">Aconchegante<\/h3><p class=\"elementor-image-box-description\">O amadeirado aquece o ambiente e cria uma atmosfera acolhedora. Um projeto que equilibra beleza e praticidade, trazendo conforto e leveza para o dia a dia.<\/p><\/div><\/div>\t\t\t\t<\/div>\n\t\t\t\t<\/div>\n\t\t<div class=\"elementor-element elementor-element-dd5c83d e-con-full e-flex e-con e-child\" data-id=\"dd5c83d\" data-element_type=\"container\" data-e-type=\"container\">\n\t\t\t\t<div class=\"elementor-element elementor-element-62cbc3b elementor-position-top elementor-widget elementor-widget-image-box\" data-id=\"62cbc3b\" data-element_type=\"widget\" data-e-type=\"widget\" data-widget_type=\"image-box.default\">\n\t\t\t\t\t<div class=\"elementor-image-box-wrapper\"><figure class=\"elementor-image-box-img\"><img loading=\"lazy\" decoding=\"async\" width=\"1440\" height=\"2560\" src=\"https:\/\/tucasaambientes.com.br\/wp-content\/uploads\/2026\/03\/IMG_9789-scaled.jpg\" class=\"elementor-animation-shrink attachment-full size-full wp-image-1231\" alt=\"\" srcset=\"https:\/\/tucasaambientes.com.br\/wp-content\/uploads\/2026\/03\/IMG_9789-scaled.jpg 1440w, https:\/\/tucasaambientes.com.br\/wp-content\/uploads\/2026\/03\/IMG_9789-169x300.jpg 169w, https:\/\/tucasaambientes.com.br\/wp-content\/uploads\/2026\/03\/IMG_9789-576x1024.jpg 576w, https:\/\/tucasaambientes.com.br\/wp-content\/uploads\/2026\/03\/IMG_9789-768x1365.jpg 768w, https:\/\/tucasaambientes.com.br\/wp-content\/uploads\/2026\/03\/IMG_9789-864x1536.jpg 864w, https:\/\/tucasaambientes.com.br\/wp-content\/uploads\/2026\/03\/IMG_9789-1152x2048.jpg 1152w\" sizes=\"(max-width: 1440px) 100vw, 1440px\" \/><\/figure><div class=\"elementor-image-box-content\"><h3 class=\"elementor-image-box-title\">Sofisticado<\/h3><p class=\"elementor-image-box-description\">Linhas limpas, cores neutras e acabamento impec\u00e1vel resultam em um banheiro elegante e atemporal. A simplicidade bem executada revela um design sofisticado e funcional.\n<\/p><\/div><\/div>\t\t\t\t<\/div>\n\t\t\t\t<\/div>\n\t\t\t\t\t<\/div>\n\t\t\t\t<\/div>\n\t\t<div class=\"elementor-element elementor-element-81add89 e-flex e-con-boxed e-con e-parent\" data-id=\"81add89\" data-element_type=\"container\" data-e-type=\"container\">\n\t\t\t\t\t<div class=\"e-con-inner\">\n\t\t\t\t<div class=\"elementor-element elementor-element-da78a0e elementor-widget elementor-widget-heading\" data-id=\"da78a0e\" data-element_type=\"widget\" data-e-type=\"widget\" data-widget_type=\"heading.default\">\n\t\t\t\t\t<h2 class=\"elementor-heading-title elementor-size-default\">Experi\u00eancia completa em v\u00eddeo<\/h2>\t\t\t\t<\/div>\n\t\t\t\t<div class=\"elementor-element elementor-element-0e6a5f2 elementor-widget elementor-widget-heading\" data-id=\"0e6a5f2\" data-element_type=\"widget\" data-e-type=\"widget\" data-widget_type=\"heading.default\">\n\t\t\t\t\t<h2 class=\"elementor-heading-title elementor-size-default\">N\u00f3s v\u00eddeos abaixo, voc\u00ea confere mais detalhes, acabamentos e solu\u00e7\u00f5es aplicadas em diferentes projetos de banheiro.<\/h2>\t\t\t\t<\/div>\n\t\t\t\t\t<\/div>\n\t\t\t\t<\/div>\n\t\t<div class=\"elementor-element elementor-element-d66c259 e-flex e-con-boxed e-con e-parent\" data-id=\"d66c259\" data-element_type=\"container\" data-e-type=\"container\">\n\t\t\t\t\t<div class=\"e-con-inner\">\n\t\t<div class=\"elementor-element elementor-element-a7fac85 e-con-full e-flex e-con e-child\" data-id=\"a7fac85\" data-element_type=\"container\" data-e-type=\"container\">\n\t\t\t\t<div class=\"elementor-element elementor-element-32c8aeb elementor-widget elementor-widget-wp-widget-media_video\" data-id=\"32c8aeb\" data-element_type=\"widget\" data-e-type=\"widget\" data-widget_type=\"wp-widget-media_video.default\">\n\t\t\t\t<div class=\"elementor-widget-container\">\n\t\t\t\t\t<div style=\"width:100%;\" class=\"wp-video\"><video class=\"wp-video-shortcode\" id=\"video-1119-1\" preload=\"auto\" controls=\"controls\"><source type=\"video\/mp4\" src=\"https:\/\/tucasaambientes.com.br\/wp-content\/uploads\/2026\/03\/IMG_9793.mp4?_=1\" \/><source type=\"video\/mp4\" src=\"http:\/\/tucasaambientes.com.br\/wp-content\/uploads\/2026\/03\/IMG_9793.mp4?_=1\" \/><a href=\"https:\/\/tucasaambientes.com.br\/wp-content\/uploads\/2026\/03\/IMG_9793.mp4\">https:\/\/tucasaambientes.com.br\/wp-content\/uploads\/2026\/03\/IMG_9793.mp4<\/a><\/video><\/div>\t\t\t\t<\/div>\n\t\t\t\t<\/div>\n\t\t\t\t<\/div>\n\t\t<div class=\"elementor-element elementor-element-19917d1 e-con-full e-flex e-con e-child\" data-id=\"19917d1\" data-element_type=\"container\" data-e-type=\"container\">\n\t\t\t\t<div class=\"elementor-element elementor-element-013e527 elementor-widget elementor-widget-wp-widget-media_video\" data-id=\"013e527\" data-element_type=\"widget\" data-e-type=\"widget\" data-widget_type=\"wp-widget-media_video.default\">\n\t\t\t\t<div class=\"elementor-widget-container\">\n\t\t\t\t\t<div style=\"width:100%;\" class=\"wp-video\"><video class=\"wp-video-shortcode\" id=\"video-1119-2\" preload=\"auto\" controls=\"controls\"><source type=\"video\/mp4\" src=\"https:\/\/tucasaambientes.com.br\/wp-content\/uploads\/2026\/03\/IMG_5951.mp4?_=2\" \/><source type=\"video\/mp4\" src=\"http:\/\/tucasaambientes.com.br\/wp-content\/uploads\/2026\/03\/IMG_5951.mp4?_=2\" \/><a href=\"https:\/\/tucasaambientes.com.br\/wp-content\/uploads\/2026\/03\/IMG_5951.mp4\">https:\/\/tucasaambientes.com.br\/wp-content\/uploads\/2026\/03\/IMG_5951.mp4<\/a><\/video><\/div>\t\t\t\t<\/div>\n\t\t\t\t<\/div>\n\t\t\t\t<\/div>\n\t\t<div class=\"elementor-element elementor-element-e22d2e1 e-con-full e-flex e-con e-child\" data-id=\"e22d2e1\" data-element_type=\"container\" data-e-type=\"container\">\n\t\t\t\t<div class=\"elementor-element elementor-element-06083c2 elementor-widget elementor-widget-wp-widget-media_video\" data-id=\"06083c2\" data-element_type=\"widget\" data-e-type=\"widget\" data-widget_type=\"wp-widget-media_video.default\">\n\t\t\t\t<div class=\"elementor-widget-container\">\n\t\t\t\t\t<div style=\"width:100%;\" class=\"wp-video\"><video class=\"wp-video-shortcode\" id=\"video-1119-3\" preload=\"auto\" controls=\"controls\"><source type=\"video\/mp4\" src=\"https:\/\/tucasaambientes.com.br\/wp-content\/uploads\/2026\/03\/AQN5Ub_RMrUQzL1Vr8z0_8QUReaO-RRzf37UXH0T7nNMWsd1ZuL8FqrD_plEXfhpzi9X-KAYmDjLfb9SSfcoMBkFFT92DQ2M.mp4?_=3\" \/><source type=\"video\/mp4\" src=\"http:\/\/tucasaambientes.com.br\/wp-content\/uploads\/2026\/03\/AQN5Ub_RMrUQzL1Vr8z0_8QUReaO-RRzf37UXH0T7nNMWsd1ZuL8FqrD_plEXfhpzi9X-KAYmDjLfb9SSfcoMBkFFT92DQ2M.mp4?_=3\" \/><a href=\"https:\/\/tucasaambientes.com.br\/wp-content\/uploads\/2026\/03\/AQN5Ub_RMrUQzL1Vr8z0_8QUReaO-RRzf37UXH0T7nNMWsd1ZuL8FqrD_plEXfhpzi9X-KAYmDjLfb9SSfcoMBkFFT92DQ2M.mp4\">https:\/\/tucasaambientes.com.br\/wp-content\/uploads\/2026\/03\/AQN5Ub_RMrUQzL1Vr8z0_8QUReaO-RRzf37UXH0T7nNMWsd1ZuL8FqrD_plEXfhpzi9X-KAYmDjLfb9SSfcoMBkFFT92DQ2M.mp4<\/a><\/video><\/div>\t\t\t\t<\/div>\n\t\t\t\t<\/div>\n\t\t\t\t<\/div>\n\t\t\t\t\t<\/div>\n\t\t\t\t<\/div>\n\t\t\t\t<\/div>\n\t\t","protected":false},"excerpt":{"rendered":"<p>PORTIF\u00d3LIO LAVABO\/ BANHEIRO Banheiros para se Inspirar O banheiro \u00e9 um espa\u00e7o de cuidado, bem-estar e tranquilidade dentro da casa. Com um projeto bem planejado, \u00e9 poss\u00edvel unir funcionalidade, conforto e est\u00e9tica, criando um ambiente agrad\u00e1vel para a rotina. Os m\u00f3veis sob medida permitem aproveitar melhor cada espa\u00e7o, trazendo organiza\u00e7\u00e3o e eleg\u00e2ncia ao ambiente. Moderno [&hellip;]<\/p>\n","protected":false},"author":1,"featured_media":0,"parent":0,"menu_order":0,"comment_status":"closed","ping_status":"closed","template":"elementor_header_footer","meta":{"_joinchat":[],"footnotes":""},"class_list":["post-1119","page","type-page","status-publish","hentry"],"_links":{"self":[{"href":"https:\/\/tucasaambientes.com.br\/index.php\/wp-json\/wp\/v2\/pages\/1119","targetHints":{"allow":["GET"]}}],"collection":[{"href":"https:\/\/tucasaambientes.com.br\/index.php\/wp-json\/wp\/v2\/pages"}],"about":[{"href":"https:\/\/tucasaambientes.com.br\/index.php\/wp-json\/wp\/v2\/types\/page"}],"author":[{"embeddable":true,"href":"https:\/\/tucasaambientes.com.br\/index.php\/wp-json\/wp\/v2\/users\/1"}],"replies":[{"embeddable":true,"href":"https:\/\/tucasaambientes.com.br\/index.php\/wp-json\/wp\/v2\/comments?post=1119"}],"version-history":[{"count":10,"href":"https:\/\/tucasaambientes.com.br\/index.php\/wp-json\/wp\/v2\/pages\/1119\/revisions"}],"predecessor-version":[{"id":1242,"href":"https:\/\/tucasaambientes.com.br\/index.php\/wp-json\/wp\/v2\/pages\/1119\/revisions\/1242"}],"wp:attachment":[{"href":"https:\/\/tucasaambientes.com.br\/index.php\/wp-json\/wp\/v2\/media?parent=1119"}],"curies":[{"name":"wp","href":"https:\/\/api.w.org\/{rel}","templated":true}]}}