{"id":1114,"date":"2026-03-04T13:08:28","date_gmt":"2026-03-04T16:08:28","guid":{"rendered":"https:\/\/tucasaambientes.com.br\/?page_id=1114"},"modified":"2026-03-05T13:11:50","modified_gmt":"2026-03-05T16:11:50","slug":"closets","status":"publish","type":"page","link":"https:\/\/tucasaambientes.com.br\/index.php\/closets\/","title":{"rendered":"Closets"},"content":{"rendered":"\t\t<div data-elementor-type=\"wp-page\" data-elementor-id=\"1114\" class=\"elementor elementor-1114\">\n\t\t\t\t<div class=\"elementor-element elementor-element-d555fae e-flex e-con-boxed e-con e-parent\" data-id=\"d555fae\" data-element_type=\"container\" data-e-type=\"container\">\n\t\t\t\t\t<div class=\"e-con-inner\">\n\t\t\t\t<div class=\"elementor-element elementor-element-ada6c68 elementor-widget elementor-widget-heading\" data-id=\"ada6c68\" data-element_type=\"widget\" data-e-type=\"widget\" data-widget_type=\"heading.default\">\n\t\t\t\t\t<h2 class=\"elementor-heading-title elementor-size-default\">PORTIF\u00d3LIO CLOSETS<\/h2>\t\t\t\t<\/div>\n\t\t\t\t<div class=\"elementor-element elementor-element-8ea64b6 elementor-widget elementor-widget-heading\" data-id=\"8ea64b6\" data-element_type=\"widget\" data-e-type=\"widget\" data-widget_type=\"heading.default\">\n\t\t\t\t\t<h2 class=\"elementor-heading-title elementor-size-default\">Closets para se Inspirar<\/h2>\t\t\t\t<\/div>\n\t\t\t\t<div class=\"elementor-element elementor-element-dbed27f elementor-widget elementor-widget-heading\" data-id=\"dbed27f\" data-element_type=\"widget\" data-e-type=\"widget\" data-widget_type=\"heading.default\">\n\t\t\t\t\t<h2 class=\"elementor-heading-title elementor-size-default\">O closet transforma a forma de organizar roupas e acess\u00f3rios. Um projeto planejado permite visualizar tudo com facilidade, mantendo o ambiente pr\u00e1tico, organizado e sofisticado.\n<\/h2>\t\t\t\t<\/div>\n\t\t\t\t\t<\/div>\n\t\t\t\t<\/div>\n\t\t<div class=\"elementor-element elementor-element-6552d75 e-flex e-con-boxed e-con e-parent\" data-id=\"6552d75\" data-element_type=\"container\" data-e-type=\"container\">\n\t\t\t\t\t<div class=\"e-con-inner\">\n\t\t<div class=\"elementor-element elementor-element-cf7899e e-con-full e-flex e-con e-child\" data-id=\"cf7899e\" data-element_type=\"container\" data-e-type=\"container\">\n\t\t\t\t<div class=\"elementor-element elementor-element-e791b6c elementor-widget elementor-widget-image-box\" data-id=\"e791b6c\" data-element_type=\"widget\" data-e-type=\"widget\" data-widget_type=\"image-box.default\">\n\t\t\t\t\t<div class=\"elementor-image-box-wrapper\"><div class=\"elementor-image-box-content\"><h3 class=\"elementor-image-box-title\">Closet Natural<\/h3><p class=\"elementor-image-box-description\">Um projeto com est\u00e9tica leve e org\u00e2nica, onde a madeira e a palhinha trazem textura e acolhimento. Um closet que valoriza materiais naturais e cria um ambiente mais respir\u00e1vel e elegante.<\/p><\/div><\/div>\t\t\t\t<\/div>\n\t\t\t\t<div class=\"elementor-element elementor-element-89a1c10 elementor-widget elementor-widget-wp-widget-media_video\" data-id=\"89a1c10\" data-element_type=\"widget\" data-e-type=\"widget\" data-widget_type=\"wp-widget-media_video.default\">\n\t\t\t\t<div class=\"elementor-widget-container\">\n\t\t\t\t\t<div style=\"width:100%;\" class=\"wp-video\"><video class=\"wp-video-shortcode\" id=\"video-1114-1\" preload=\"auto\" controls=\"controls\"><source type=\"video\/mp4\" src=\"https:\/\/tucasaambientes.com.br\/wp-content\/uploads\/2026\/03\/SaveVid.Net_AQOk5Zav-Y4QigeQrbGycEo5BDdrlUtso9NnGv-Pko8Q9-s9dAXUjINkMOKhSwvODyz86lHgg3K9eRyLQvrVpW47tarZcbu_N-f6XBU.mp4?_=1\" \/><source type=\"video\/mp4\" src=\"http:\/\/tucasaambientes.com.br\/wp-content\/uploads\/2026\/03\/SaveVid.Net_AQOk5Zav-Y4QigeQrbGycEo5BDdrlUtso9NnGv-Pko8Q9-s9dAXUjINkMOKhSwvODyz86lHgg3K9eRyLQvrVpW47tarZcbu_N-f6XBU.mp4?_=1\" \/><a href=\"https:\/\/tucasaambientes.com.br\/wp-content\/uploads\/2026\/03\/SaveVid.Net_AQOk5Zav-Y4QigeQrbGycEo5BDdrlUtso9NnGv-Pko8Q9-s9dAXUjINkMOKhSwvODyz86lHgg3K9eRyLQvrVpW47tarZcbu_N-f6XBU.mp4\">https:\/\/tucasaambientes.com.br\/wp-content\/uploads\/2026\/03\/SaveVid.Net_AQOk5Zav-Y4QigeQrbGycEo5BDdrlUtso9NnGv-Pko8Q9-s9dAXUjINkMOKhSwvODyz86lHgg3K9eRyLQvrVpW47tarZcbu_N-f6XBU.mp4<\/a><\/video><\/div>\t\t\t\t<\/div>\n\t\t\t\t<\/div>\n\t\t\t\t<\/div>\n\t\t<div class=\"elementor-element elementor-element-14cb13e e-con-full e-flex e-con e-child\" data-id=\"14cb13e\" data-element_type=\"container\" data-e-type=\"container\">\n\t\t\t\t<div class=\"elementor-element elementor-element-435ee61 elementor-widget elementor-widget-image-box\" data-id=\"435ee61\" data-element_type=\"widget\" data-e-type=\"widget\" data-widget_type=\"image-box.default\">\n\t\t\t\t\t<div class=\"elementor-image-box-wrapper\"><div class=\"elementor-image-box-content\"><h3 class=\"elementor-image-box-title\">Closet Contempor\u00e2neo<\/h3><p class=\"elementor-image-box-description\">Linhas modernas, conceito aberto e presen\u00e7a de espelhos que ampliam o ambiente. Um closet pensado para quem busca praticidade com um visual atual e sofisticado.<\/p><\/div><\/div>\t\t\t\t<\/div>\n\t\t\t\t<div class=\"elementor-element elementor-element-7a5d57d elementor-widget elementor-widget-wp-widget-media_video\" data-id=\"7a5d57d\" data-element_type=\"widget\" data-e-type=\"widget\" data-widget_type=\"wp-widget-media_video.default\">\n\t\t\t\t<div class=\"elementor-widget-container\">\n\t\t\t\t\t<div style=\"width:100%;\" class=\"wp-video\"><video class=\"wp-video-shortcode\" id=\"video-1114-2\" preload=\"auto\" controls=\"controls\"><source type=\"video\/mp4\" src=\"https:\/\/tucasaambientes.com.br\/wp-content\/uploads\/2026\/03\/SaveVid.Net_AQMBpR7Rg3u3CO442nSl-6IaaSRhVe3eR8WtlO_YOwpk1L3fkMzWizoX1UWZT2rE02cDOVElrHBIlGn8iXwSPcJWeoouZq042EsCuKM.mp4?_=2\" \/><source type=\"video\/mp4\" src=\"http:\/\/tucasaambientes.com.br\/wp-content\/uploads\/2026\/03\/SaveVid.Net_AQMBpR7Rg3u3CO442nSl-6IaaSRhVe3eR8WtlO_YOwpk1L3fkMzWizoX1UWZT2rE02cDOVElrHBIlGn8iXwSPcJWeoouZq042EsCuKM.mp4?_=2\" \/><a href=\"https:\/\/tucasaambientes.com.br\/wp-content\/uploads\/2026\/03\/SaveVid.Net_AQMBpR7Rg3u3CO442nSl-6IaaSRhVe3eR8WtlO_YOwpk1L3fkMzWizoX1UWZT2rE02cDOVElrHBIlGn8iXwSPcJWeoouZq042EsCuKM.mp4\">https:\/\/tucasaambientes.com.br\/wp-content\/uploads\/2026\/03\/SaveVid.Net_AQMBpR7Rg3u3CO442nSl-6IaaSRhVe3eR8WtlO_YOwpk1L3fkMzWizoX1UWZT2rE02cDOVElrHBIlGn8iXwSPcJWeoouZq042EsCuKM.mp4<\/a><\/video><\/div>\t\t\t\t<\/div>\n\t\t\t\t<\/div>\n\t\t\t\t<\/div>\n\t\t<div class=\"elementor-element elementor-element-bfb989e e-con-full e-flex e-con e-child\" data-id=\"bfb989e\" data-element_type=\"container\" data-e-type=\"container\">\n\t\t\t\t<div class=\"elementor-element elementor-element-55bc924 elementor-widget elementor-widget-image-box\" data-id=\"55bc924\" data-element_type=\"widget\" data-e-type=\"widget\" data-widget_type=\"image-box.default\">\n\t\t\t\t\t<div class=\"elementor-image-box-wrapper\"><div class=\"elementor-image-box-content\"><h3 class=\"elementor-image-box-title\">Closet Minimalista<\/h3><p class=\"elementor-image-box-description\">Um ambiente clean, elegante e atemporal. O branco predominante traz leveza ao espa\u00e7o, enquanto os detalhes amadeirados e a penteadeira iluminada acrescentam sofistica\u00e7\u00e3o.\n<\/p><\/div><\/div>\t\t\t\t<\/div>\n\t\t\t\t<div class=\"elementor-element elementor-element-2eb782f elementor-widget elementor-widget-wp-widget-media_video\" data-id=\"2eb782f\" data-element_type=\"widget\" data-e-type=\"widget\" data-widget_type=\"wp-widget-media_video.default\">\n\t\t\t\t<div class=\"elementor-widget-container\">\n\t\t\t\t\t<div style=\"width:100%;\" class=\"wp-video\"><video class=\"wp-video-shortcode\" id=\"video-1114-3\" preload=\"auto\" controls=\"controls\"><source type=\"video\/mp4\" src=\"https:\/\/tucasaambientes.com.br\/wp-content\/uploads\/2026\/03\/SaveVid.Net_AQORG5jX2TYaynhcPB3jte6UaAraLblFEomUpcx7Us6NOEpr5hFGDwgrCdrRn44P3CEFE97QHdlDEXdRxQwLOhuk.mp4?_=3\" \/><source type=\"video\/mp4\" src=\"http:\/\/tucasaambientes.com.br\/wp-content\/uploads\/2026\/03\/SaveVid.Net_AQORG5jX2TYaynhcPB3jte6UaAraLblFEomUpcx7Us6NOEpr5hFGDwgrCdrRn44P3CEFE97QHdlDEXdRxQwLOhuk.mp4?_=3\" \/><a href=\"https:\/\/tucasaambientes.com.br\/wp-content\/uploads\/2026\/03\/SaveVid.Net_AQORG5jX2TYaynhcPB3jte6UaAraLblFEomUpcx7Us6NOEpr5hFGDwgrCdrRn44P3CEFE97QHdlDEXdRxQwLOhuk.mp4\">https:\/\/tucasaambientes.com.br\/wp-content\/uploads\/2026\/03\/SaveVid.Net_AQORG5jX2TYaynhcPB3jte6UaAraLblFEomUpcx7Us6NOEpr5hFGDwgrCdrRn44P3CEFE97QHdlDEXdRxQwLOhuk.mp4<\/a><\/video><\/div>\t\t\t\t<\/div>\n\t\t\t\t<\/div>\n\t\t\t\t<\/div>\n\t\t<div class=\"elementor-element elementor-element-0cb9c1b e-con-full e-flex e-con e-child\" data-id=\"0cb9c1b\" data-element_type=\"container\" data-e-type=\"container\">\n\t\t\t\t<div class=\"elementor-element elementor-element-8f22ea0 elementor-widget elementor-widget-wp-widget-media_video\" data-id=\"8f22ea0\" data-element_type=\"widget\" data-e-type=\"widget\" data-widget_type=\"wp-widget-media_video.default\">\n\t\t\t\t<div class=\"elementor-widget-container\">\n\t\t\t\t\t<div style=\"width:100%;\" class=\"wp-video\"><video class=\"wp-video-shortcode\" id=\"video-1114-4\" preload=\"auto\" controls=\"controls\"><source type=\"video\/mp4\" src=\"https:\/\/tucasaambientes.com.br\/wp-content\/uploads\/2026\/03\/SaveVid.Net_AQMSDg-UJl7IYHz6Q70eQ-GQ-M08E5KpxK-oguTepGWBrshfFg6p8V_P7agPybk5z6u0XeEX4jUTLdxTfBOycCunz4GTUOQxkWvygpI.mp4?_=4\" \/><source type=\"video\/mp4\" src=\"http:\/\/tucasaambientes.com.br\/wp-content\/uploads\/2026\/03\/SaveVid.Net_AQMSDg-UJl7IYHz6Q70eQ-GQ-M08E5KpxK-oguTepGWBrshfFg6p8V_P7agPybk5z6u0XeEX4jUTLdxTfBOycCunz4GTUOQxkWvygpI.mp4?_=4\" \/><a href=\"https:\/\/tucasaambientes.com.br\/wp-content\/uploads\/2026\/03\/SaveVid.Net_AQMSDg-UJl7IYHz6Q70eQ-GQ-M08E5KpxK-oguTepGWBrshfFg6p8V_P7agPybk5z6u0XeEX4jUTLdxTfBOycCunz4GTUOQxkWvygpI.mp4\">https:\/\/tucasaambientes.com.br\/wp-content\/uploads\/2026\/03\/SaveVid.Net_AQMSDg-UJl7IYHz6Q70eQ-GQ-M08E5KpxK-oguTepGWBrshfFg6p8V_P7agPybk5z6u0XeEX4jUTLdxTfBOycCunz4GTUOQxkWvygpI.mp4<\/a><\/video><\/div>\t\t\t\t<\/div>\n\t\t\t\t<\/div>\n\t\t\t\t<div class=\"elementor-element elementor-element-814c663 elementor-widget elementor-widget-image-box\" data-id=\"814c663\" data-element_type=\"widget\" data-e-type=\"widget\" data-widget_type=\"image-box.default\">\n\t\t\t\t\t<div class=\"elementor-image-box-wrapper\"><div class=\"elementor-image-box-content\"><h3 class=\"elementor-image-box-title\">Closet Moderno<\/h3><p class=\"elementor-image-box-description\">Um projeto que combina funcionalidade e design. Os nichos com fundo espelhado criam profundidade e d\u00e3o um toque contempor\u00e2neo ao ambiente.<\/p><\/div><\/div>\t\t\t\t<\/div>\n\t\t\t\t<\/div>\n\t\t<div class=\"elementor-element elementor-element-e3a2e05 e-con-full e-flex e-con e-child\" data-id=\"e3a2e05\" data-element_type=\"container\" data-e-type=\"container\">\n\t\t\t\t<div class=\"elementor-element elementor-element-3c849c0 elementor-widget elementor-widget-wp-widget-media_video\" data-id=\"3c849c0\" data-element_type=\"widget\" data-e-type=\"widget\" data-widget_type=\"wp-widget-media_video.default\">\n\t\t\t\t<div class=\"elementor-widget-container\">\n\t\t\t\t\t<div style=\"width:100%;\" class=\"wp-video\"><video class=\"wp-video-shortcode\" id=\"video-1114-5\" preload=\"auto\" controls=\"controls\"><source type=\"video\/mp4\" src=\"https:\/\/tucasaambientes.com.br\/wp-content\/uploads\/2026\/03\/IMG_0224.mp4?_=5\" \/><source type=\"video\/mp4\" src=\"http:\/\/tucasaambientes.com.br\/wp-content\/uploads\/2026\/03\/IMG_0224.mp4?_=5\" \/><a href=\"https:\/\/tucasaambientes.com.br\/wp-content\/uploads\/2026\/03\/IMG_0224.mp4\">https:\/\/tucasaambientes.com.br\/wp-content\/uploads\/2026\/03\/IMG_0224.mp4<\/a><\/video><\/div>\t\t\t\t<\/div>\n\t\t\t\t<\/div>\n\t\t\t\t<div class=\"elementor-element elementor-element-490d2d1 elementor-widget elementor-widget-image-box\" data-id=\"490d2d1\" data-element_type=\"widget\" data-e-type=\"widget\" data-widget_type=\"image-box.default\">\n\t\t\t\t\t<div class=\"elementor-image-box-wrapper\"><div class=\"elementor-image-box-content\"><h3 class=\"elementor-image-box-title\"> Closet Sofisticado<\/h3><p class=\"elementor-image-box-description\">Portas em vidro reflecta, espelhos e uma ilha central para joias criam um ambiente elegante e exclusivo, pensado para valorizar cada detalhe.<\/p><\/div><\/div>\t\t\t\t<\/div>\n\t\t\t\t<\/div>\n\t\t<div class=\"elementor-element elementor-element-ebb701f e-con-full e-flex e-con e-child\" data-id=\"ebb701f\" data-element_type=\"container\" data-e-type=\"container\">\n\t\t\t\t<div class=\"elementor-element elementor-element-9e8b29a elementor-widget elementor-widget-wp-widget-media_video\" data-id=\"9e8b29a\" data-element_type=\"widget\" data-e-type=\"widget\" data-widget_type=\"wp-widget-media_video.default\">\n\t\t\t\t<div class=\"elementor-widget-container\">\n\t\t\t\t\t<div style=\"width:100%;\" class=\"wp-video\"><video class=\"wp-video-shortcode\" id=\"video-1114-6\" preload=\"auto\" controls=\"controls\"><source type=\"video\/mp4\" src=\"https:\/\/tucasaambientes.com.br\/wp-content\/uploads\/2026\/03\/copy_C886AC28-E64B-4E2B-A926-1302F1EC3616.mp4?_=6\" \/><source type=\"video\/mp4\" src=\"http:\/\/tucasaambientes.com.br\/wp-content\/uploads\/2026\/03\/copy_C886AC28-E64B-4E2B-A926-1302F1EC3616.mp4?_=6\" \/><a href=\"https:\/\/tucasaambientes.com.br\/wp-content\/uploads\/2026\/03\/copy_C886AC28-E64B-4E2B-A926-1302F1EC3616.mp4\">https:\/\/tucasaambientes.com.br\/wp-content\/uploads\/2026\/03\/copy_C886AC28-E64B-4E2B-A926-1302F1EC3616.mp4<\/a><\/video><\/div>\t\t\t\t<\/div>\n\t\t\t\t<\/div>\n\t\t\t\t<div class=\"elementor-element elementor-element-d1e0043 elementor-widget elementor-widget-image-box\" data-id=\"d1e0043\" data-element_type=\"widget\" data-e-type=\"widget\" data-widget_type=\"image-box.default\">\n\t\t\t\t\t<div class=\"elementor-image-box-wrapper\"><div class=\"elementor-image-box-content\"><h3 class=\"elementor-image-box-title\">Closet Atemporal<\/h3><p class=\"elementor-image-box-description\">Um projeto amplo e funcional, com estrutura aberta que facilita a visualiza\u00e7\u00e3o das pe\u00e7as. A penteadeira com espelho iluminado completa o ambiente com charme e praticidade.\n<\/p><\/div><\/div>\t\t\t\t<\/div>\n\t\t\t\t<\/div>\n\t\t\t\t\t<\/div>\n\t\t\t\t<\/div>\n\t\t\t\t<\/div>\n\t\t","protected":false},"excerpt":{"rendered":"<p>PORTIF\u00d3LIO CLOSETS Closets para se Inspirar O closet transforma a forma de organizar roupas e acess\u00f3rios. Um projeto planejado permite visualizar tudo com facilidade, mantendo o ambiente pr\u00e1tico, organizado e sofisticado. Closet Natural Um projeto com est\u00e9tica leve e org\u00e2nica, onde a madeira e a palhinha trazem textura e acolhimento. Um closet que valoriza materiais [&hellip;]<\/p>\n","protected":false},"author":1,"featured_media":0,"parent":0,"menu_order":0,"comment_status":"closed","ping_status":"closed","template":"elementor_header_footer","meta":{"_joinchat":[],"footnotes":""},"class_list":["post-1114","page","type-page","status-publish","hentry"],"_links":{"self":[{"href":"https:\/\/tucasaambientes.com.br\/index.php\/wp-json\/wp\/v2\/pages\/1114","targetHints":{"allow":["GET"]}}],"collection":[{"href":"https:\/\/tucasaambientes.com.br\/index.php\/wp-json\/wp\/v2\/pages"}],"about":[{"href":"https:\/\/tucasaambientes.com.br\/index.php\/wp-json\/wp\/v2\/types\/page"}],"author":[{"embeddable":true,"href":"https:\/\/tucasaambientes.com.br\/index.php\/wp-json\/wp\/v2\/users\/1"}],"replies":[{"embeddable":true,"href":"https:\/\/tucasaambientes.com.br\/index.php\/wp-json\/wp\/v2\/comments?post=1114"}],"version-history":[{"count":7,"href":"https:\/\/tucasaambientes.com.br\/index.php\/wp-json\/wp\/v2\/pages\/1114\/revisions"}],"predecessor-version":[{"id":1168,"href":"https:\/\/tucasaambientes.com.br\/index.php\/wp-json\/wp\/v2\/pages\/1114\/revisions\/1168"}],"wp:attachment":[{"href":"https:\/\/tucasaambientes.com.br\/index.php\/wp-json\/wp\/v2\/media?parent=1114"}],"curies":[{"name":"wp","href":"https:\/\/api.w.org\/{rel}","templated":true}]}}