{"id":1109,"date":"2026-03-04T13:06:23","date_gmt":"2026-03-04T16:06:23","guid":{"rendered":"https:\/\/tucasaambientes.com.br\/?page_id=1109"},"modified":"2026-03-05T13:18:29","modified_gmt":"2026-03-05T16:18:29","slug":"suite","status":"publish","type":"page","link":"https:\/\/tucasaambientes.com.br\/index.php\/suite\/","title":{"rendered":"Su\u00edte"},"content":{"rendered":"\t\t<div data-elementor-type=\"wp-page\" data-elementor-id=\"1109\" class=\"elementor elementor-1109\">\n\t\t\t\t<div class=\"elementor-element elementor-element-a67d8b2 e-flex e-con-boxed e-con e-parent\" data-id=\"a67d8b2\" data-element_type=\"container\" data-e-type=\"container\">\n\t\t\t\t\t<div class=\"e-con-inner\">\n\t\t\t\t<div class=\"elementor-element elementor-element-66dadac elementor-widget elementor-widget-heading\" data-id=\"66dadac\" data-element_type=\"widget\" data-e-type=\"widget\" data-widget_type=\"heading.default\">\n\t\t\t\t\t<h2 class=\"elementor-heading-title elementor-size-default\">PORTIF\u00d3LIO SU\u00cdTES<\/h2>\t\t\t\t<\/div>\n\t\t\t\t<div class=\"elementor-element elementor-element-301fe31 elementor-widget elementor-widget-heading\" data-id=\"301fe31\" data-element_type=\"widget\" data-e-type=\"widget\" data-widget_type=\"heading.default\">\n\t\t\t\t\t<h2 class=\"elementor-heading-title elementor-size-default\">Su\u00edtes para se Inspirar<\/h2>\t\t\t\t<\/div>\n\t\t\t\t<div class=\"elementor-element elementor-element-1316f06 elementor-widget elementor-widget-heading\" data-id=\"1316f06\" data-element_type=\"widget\" data-e-type=\"widget\" data-widget_type=\"heading.default\">\n\t\t\t\t\t<h2 class=\"elementor-heading-title elementor-size-default\">A su\u00edte \u00e9 um ref\u00fagio dentro da casa. Um espa\u00e7o de descanso e privacidade que merece um projeto pensado para oferecer conforto, organiza\u00e7\u00e3o e eleg\u00e2ncia em cada detalhe.<\/h2>\t\t\t\t<\/div>\n\t\t\t\t\t<\/div>\n\t\t\t\t<\/div>\n\t\t<div class=\"elementor-element elementor-element-77ce9f6 e-flex e-con-boxed e-con e-parent\" data-id=\"77ce9f6\" data-element_type=\"container\" data-e-type=\"container\">\n\t\t\t\t\t<div class=\"e-con-inner\">\n\t\t<div class=\"elementor-element elementor-element-3f84e70 e-con-full e-flex e-con e-child\" data-id=\"3f84e70\" data-element_type=\"container\" data-e-type=\"container\">\n\t\t\t\t<div class=\"elementor-element elementor-element-3029c13 elementor-position-top elementor-widget elementor-widget-image-box\" data-id=\"3029c13\" data-element_type=\"widget\" data-e-type=\"widget\" data-widget_type=\"image-box.default\">\n\t\t\t\t\t<div class=\"elementor-image-box-wrapper\"><figure class=\"elementor-image-box-img\"><img fetchpriority=\"high\" decoding=\"async\" width=\"1438\" height=\"1438\" src=\"https:\/\/tucasaambientes.com.br\/wp-content\/uploads\/2026\/03\/IMG_5654-scaled-e1772717010968.jpg\" class=\"elementor-animation-shrink attachment-full size-full wp-image-1143\" alt=\"\" srcset=\"https:\/\/tucasaambientes.com.br\/wp-content\/uploads\/2026\/03\/IMG_5654-scaled-e1772717010968.jpg 1438w, https:\/\/tucasaambientes.com.br\/wp-content\/uploads\/2026\/03\/IMG_5654-scaled-e1772717010968-300x300.jpg 300w, https:\/\/tucasaambientes.com.br\/wp-content\/uploads\/2026\/03\/IMG_5654-scaled-e1772717010968-1024x1024.jpg 1024w, https:\/\/tucasaambientes.com.br\/wp-content\/uploads\/2026\/03\/IMG_5654-scaled-e1772717010968-150x150.jpg 150w, https:\/\/tucasaambientes.com.br\/wp-content\/uploads\/2026\/03\/IMG_5654-scaled-e1772717010968-768x768.jpg 768w\" sizes=\"(max-width: 1438px) 100vw, 1438px\" \/><\/figure><div class=\"elementor-image-box-content\"><h3 class=\"elementor-image-box-title\">Eleg\u00e2ncia Contempor\u00e2nea<\/h3><p class=\"elementor-image-box-description\">O painel amadeirado em toda a cabeceira cria um ambiente sofisticado e acolhedor. A ilumina\u00e7\u00e3o em LED valoriza as linhas do projeto e refor\u00e7a a atmosfera moderna da su\u00edte.<\/p><\/div><\/div>\t\t\t\t<\/div>\n\t\t\t\t<\/div>\n\t\t<div class=\"elementor-element elementor-element-96044f7 e-con-full e-flex e-con e-child\" data-id=\"96044f7\" data-element_type=\"container\" data-e-type=\"container\">\n\t\t\t\t<div class=\"elementor-element elementor-element-4e99ebc elementor-position-top elementor-widget elementor-widget-image-box\" data-id=\"4e99ebc\" data-element_type=\"widget\" data-e-type=\"widget\" data-widget_type=\"image-box.default\">\n\t\t\t\t\t<div class=\"elementor-image-box-wrapper\"><figure class=\"elementor-image-box-img\"><img decoding=\"async\" width=\"1438\" height=\"1438\" src=\"https:\/\/tucasaambientes.com.br\/wp-content\/uploads\/2026\/03\/IMG_5649-scaled-e1772717103418.jpg\" class=\"elementor-animation-shrink attachment-full size-full wp-image-1142\" alt=\"\" srcset=\"https:\/\/tucasaambientes.com.br\/wp-content\/uploads\/2026\/03\/IMG_5649-scaled-e1772717103418.jpg 1438w, https:\/\/tucasaambientes.com.br\/wp-content\/uploads\/2026\/03\/IMG_5649-scaled-e1772717103418-300x300.jpg 300w, https:\/\/tucasaambientes.com.br\/wp-content\/uploads\/2026\/03\/IMG_5649-scaled-e1772717103418-1024x1024.jpg 1024w, https:\/\/tucasaambientes.com.br\/wp-content\/uploads\/2026\/03\/IMG_5649-scaled-e1772717103418-150x150.jpg 150w, https:\/\/tucasaambientes.com.br\/wp-content\/uploads\/2026\/03\/IMG_5649-scaled-e1772717103418-768x768.jpg 768w\" sizes=\"(max-width: 1438px) 100vw, 1438px\" \/><\/figure><div class=\"elementor-image-box-content\"><h3 class=\"elementor-image-box-title\">Conforto Integrado<\/h3><p class=\"elementor-image-box-description\">A marcenaria envolve a cama criando uma composi\u00e7\u00e3o funcional e elegante. Nichos, cabeceira e criados formam um conjunto harmonioso que traz praticidade e aconchego ao ambiente.<\/p><\/div><\/div>\t\t\t\t<\/div>\n\t\t\t\t<\/div>\n\t\t<div class=\"elementor-element elementor-element-26bfd6d e-con-full e-flex e-con e-child\" data-id=\"26bfd6d\" data-element_type=\"container\" data-e-type=\"container\">\n\t\t\t\t<div class=\"elementor-element elementor-element-aadc77b elementor-position-top elementor-widget elementor-widget-image-box\" data-id=\"aadc77b\" data-element_type=\"widget\" data-e-type=\"widget\" data-widget_type=\"image-box.default\">\n\t\t\t\t\t<div class=\"elementor-image-box-wrapper\"><figure class=\"elementor-image-box-img\"><img decoding=\"async\" width=\"1170\" height=\"1170\" src=\"https:\/\/tucasaambientes.com.br\/wp-content\/uploads\/2026\/03\/IMG_3457.jpg\" class=\"elementor-animation-shrink attachment-full size-full wp-image-1147\" alt=\"\" srcset=\"https:\/\/tucasaambientes.com.br\/wp-content\/uploads\/2026\/03\/IMG_3457.jpg 1170w, https:\/\/tucasaambientes.com.br\/wp-content\/uploads\/2026\/03\/IMG_3457-300x300.jpg 300w, https:\/\/tucasaambientes.com.br\/wp-content\/uploads\/2026\/03\/IMG_3457-1024x1024.jpg 1024w, https:\/\/tucasaambientes.com.br\/wp-content\/uploads\/2026\/03\/IMG_3457-150x150.jpg 150w, https:\/\/tucasaambientes.com.br\/wp-content\/uploads\/2026\/03\/IMG_3457-768x768.jpg 768w\" sizes=\"(max-width: 1170px) 100vw, 1170px\" \/><\/figure><div class=\"elementor-image-box-content\"><h3 class=\"elementor-image-box-title\">Aconchego Sofisticado<\/h3><p class=\"elementor-image-box-description\">Tons escuros e texturas suaves criam uma atmosfera intimista e elegante. Um ambiente pensado para proporcionar conforto e tranquilidade nos momentos de descanso.<\/p><\/div><\/div>\t\t\t\t<\/div>\n\t\t\t\t<\/div>\n\t\t<div class=\"elementor-element elementor-element-0f6962f e-con-full e-flex e-con e-child\" data-id=\"0f6962f\" data-element_type=\"container\" data-e-type=\"container\">\n\t\t\t\t<div class=\"elementor-element elementor-element-8fd273e elementor-position-top elementor-widget elementor-widget-image-box\" data-id=\"8fd273e\" data-element_type=\"widget\" data-e-type=\"widget\" data-widget_type=\"image-box.default\">\n\t\t\t\t\t<div class=\"elementor-image-box-wrapper\"><figure class=\"elementor-image-box-img\"><img loading=\"lazy\" decoding=\"async\" width=\"1170\" height=\"1170\" src=\"https:\/\/tucasaambientes.com.br\/wp-content\/uploads\/2026\/03\/IMG_3456.jpg\" class=\"elementor-animation-shrink attachment-full size-full wp-image-1148\" alt=\"\" srcset=\"https:\/\/tucasaambientes.com.br\/wp-content\/uploads\/2026\/03\/IMG_3456.jpg 1170w, https:\/\/tucasaambientes.com.br\/wp-content\/uploads\/2026\/03\/IMG_3456-300x300.jpg 300w, https:\/\/tucasaambientes.com.br\/wp-content\/uploads\/2026\/03\/IMG_3456-1024x1024.jpg 1024w, https:\/\/tucasaambientes.com.br\/wp-content\/uploads\/2026\/03\/IMG_3456-150x150.jpg 150w, https:\/\/tucasaambientes.com.br\/wp-content\/uploads\/2026\/03\/IMG_3456-768x768.jpg 768w\" sizes=\"(max-width: 1170px) 100vw, 1170px\" \/><\/figure><div class=\"elementor-image-box-content\"><h3 class=\"elementor-image-box-title\">Minimalismo Elegante<\/h3><p class=\"elementor-image-box-description\">Linhas verticais e ilumina\u00e7\u00e3o decorativa valorizam o painel da cabeceira, criando um ambiente moderno e equilibrado, onde cada detalhe contribui para uma est\u00e9tica leve e sofisticada.\n<\/p><\/div><\/div>\t\t\t\t<\/div>\n\t\t\t\t<\/div>\n\t\t<div class=\"elementor-element elementor-element-8ab2122 e-con-full e-flex e-con e-child\" data-id=\"8ab2122\" data-element_type=\"container\" data-e-type=\"container\">\n\t\t\t\t<div class=\"elementor-element elementor-element-e15457a elementor-position-top elementor-widget elementor-widget-image-box\" data-id=\"e15457a\" data-element_type=\"widget\" data-e-type=\"widget\" data-widget_type=\"image-box.default\">\n\t\t\t\t\t<div class=\"elementor-image-box-wrapper\"><figure class=\"elementor-image-box-img\"><img loading=\"lazy\" decoding=\"async\" width=\"1438\" height=\"1438\" src=\"https:\/\/tucasaambientes.com.br\/wp-content\/uploads\/2026\/03\/IMG_3066-scaled-e1772719683787.jpg\" class=\"elementor-animation-shrink attachment-full size-full wp-image-1146\" alt=\"\" srcset=\"https:\/\/tucasaambientes.com.br\/wp-content\/uploads\/2026\/03\/IMG_3066-scaled-e1772719683787.jpg 1438w, https:\/\/tucasaambientes.com.br\/wp-content\/uploads\/2026\/03\/IMG_3066-scaled-e1772719683787-300x300.jpg 300w, https:\/\/tucasaambientes.com.br\/wp-content\/uploads\/2026\/03\/IMG_3066-scaled-e1772719683787-1024x1024.jpg 1024w, https:\/\/tucasaambientes.com.br\/wp-content\/uploads\/2026\/03\/IMG_3066-scaled-e1772719683787-150x150.jpg 150w, https:\/\/tucasaambientes.com.br\/wp-content\/uploads\/2026\/03\/IMG_3066-scaled-e1772719683787-768x768.jpg 768w\" sizes=\"(max-width: 1438px) 100vw, 1438px\" \/><\/figure><div class=\"elementor-image-box-content\"><h3 class=\"elementor-image-box-title\">Charme Contempor\u00e2neo<\/h3><p class=\"elementor-image-box-description\">A penteadeira com espelho iluminado se integra ao ambiente com eleg\u00e2ncia, trazendo funcionalidade ao dia a dia e adicionando um toque de sofistica\u00e7\u00e3o \u00e0 su\u00edte.\n<\/p><\/div><\/div>\t\t\t\t<\/div>\n\t\t\t\t<\/div>\n\t\t<div class=\"elementor-element elementor-element-6a219d9 e-con-full e-flex e-con e-child\" data-id=\"6a219d9\" data-element_type=\"container\" data-e-type=\"container\">\n\t\t\t\t<div class=\"elementor-element elementor-element-8c0f9a0 elementor-position-top elementor-widget elementor-widget-image-box\" data-id=\"8c0f9a0\" data-element_type=\"widget\" data-e-type=\"widget\" data-widget_type=\"image-box.default\">\n\t\t\t\t\t<div class=\"elementor-image-box-wrapper\"><figure class=\"elementor-image-box-img\"><img loading=\"lazy\" decoding=\"async\" width=\"1165\" height=\"1165\" src=\"https:\/\/tucasaambientes.com.br\/wp-content\/uploads\/2026\/03\/IMG_3455-e1772719828563.jpg\" class=\"elementor-animation-shrink attachment-full size-full wp-image-1149\" alt=\"\" srcset=\"https:\/\/tucasaambientes.com.br\/wp-content\/uploads\/2026\/03\/IMG_3455-e1772719828563.jpg 1165w, https:\/\/tucasaambientes.com.br\/wp-content\/uploads\/2026\/03\/IMG_3455-e1772719828563-300x300.jpg 300w, https:\/\/tucasaambientes.com.br\/wp-content\/uploads\/2026\/03\/IMG_3455-e1772719828563-1024x1024.jpg 1024w, https:\/\/tucasaambientes.com.br\/wp-content\/uploads\/2026\/03\/IMG_3455-e1772719828563-150x150.jpg 150w, https:\/\/tucasaambientes.com.br\/wp-content\/uploads\/2026\/03\/IMG_3455-e1772719828563-768x768.jpg 768w\" sizes=\"(max-width: 1165px) 100vw, 1165px\" \/><\/figure><div class=\"elementor-image-box-content\"><h3 class=\"elementor-image-box-title\">Leveza Atemporal<\/h3><p class=\"elementor-image-box-description\">Tons claros e formas simples criam um ambiente tranquilo e acolhedor. Um projeto que valoriza o conforto e a sensa\u00e7\u00e3o de amplitude, perfeito para o descanso.\n<\/p><\/div><\/div>\t\t\t\t<\/div>\n\t\t\t\t<\/div>\n\t\t\t\t\t<\/div>\n\t\t\t\t<\/div>\n\t\t<div class=\"elementor-element elementor-element-3403901 e-flex e-con-boxed e-con e-parent\" data-id=\"3403901\" data-element_type=\"container\" data-e-type=\"container\">\n\t\t\t\t\t<div class=\"e-con-inner\">\n\t\t\t\t<div class=\"elementor-element elementor-element-f08001d elementor-widget elementor-widget-heading\" data-id=\"f08001d\" data-element_type=\"widget\" data-e-type=\"widget\" data-widget_type=\"heading.default\">\n\t\t\t\t\t<h2 class=\"elementor-heading-title elementor-size-default\">Experi\u00eancia completa em v\u00eddeo<\/h2>\t\t\t\t<\/div>\n\t\t\t\t<div class=\"elementor-element elementor-element-cf127a1 elementor-widget elementor-widget-heading\" data-id=\"cf127a1\" data-element_type=\"widget\" data-e-type=\"widget\" data-widget_type=\"heading.default\">\n\t\t\t\t\t<h2 class=\"elementor-heading-title elementor-size-default\">N\u00f3s v\u00eddeos abaixo, voc\u00ea confere mais detalhes, acabamentos e solu\u00e7\u00f5es aplicadas em diferentes projetos para su\u00edtes.<\/h2>\t\t\t\t<\/div>\n\t\t\t\t\t<\/div>\n\t\t\t\t<\/div>\n\t\t<div class=\"elementor-element elementor-element-e08c871 e-flex e-con-boxed e-con e-parent\" data-id=\"e08c871\" data-element_type=\"container\" data-e-type=\"container\">\n\t\t\t\t\t<div class=\"e-con-inner\">\n\t\t<div class=\"elementor-element elementor-element-16a7838 e-con-full e-flex e-con e-child\" data-id=\"16a7838\" data-element_type=\"container\" data-e-type=\"container\">\n\t\t\t\t<div class=\"elementor-element elementor-element-63e8cb4 elementor-widget elementor-widget-wp-widget-media_video\" data-id=\"63e8cb4\" data-element_type=\"widget\" data-e-type=\"widget\" data-widget_type=\"wp-widget-media_video.default\">\n\t\t\t\t<div class=\"elementor-widget-container\">\n\t\t\t\t\t<div style=\"width:100%;\" class=\"wp-video\"><video class=\"wp-video-shortcode\" id=\"video-1109-1\" preload=\"auto\" controls=\"controls\"><source type=\"video\/mp4\" src=\"https:\/\/tucasaambientes.com.br\/wp-content\/uploads\/2026\/03\/O-frio-chegou-de-vez-e-nada-melhor-que-um-ambiente-bem-aconchegante-para-um-descanso-merecido.Es_.mp4?_=1\" \/><source type=\"video\/mp4\" src=\"http:\/\/tucasaambientes.com.br\/wp-content\/uploads\/2026\/03\/O-frio-chegou-de-vez-e-nada-melhor-que-um-ambiente-bem-aconchegante-para-um-descanso-merecido.Es_.mp4?_=1\" \/><a href=\"https:\/\/tucasaambientes.com.br\/wp-content\/uploads\/2026\/03\/O-frio-chegou-de-vez-e-nada-melhor-que-um-ambiente-bem-aconchegante-para-um-descanso-merecido.Es_.mp4\">https:\/\/tucasaambientes.com.br\/wp-content\/uploads\/2026\/03\/O-frio-chegou-de-vez-e-nada-melhor-que-um-ambiente-bem-aconchegante-para-um-descanso-merecido.Es_.mp4<\/a><\/video><\/div>\t\t\t\t<\/div>\n\t\t\t\t<\/div>\n\t\t\t\t<\/div>\n\t\t<div class=\"elementor-element elementor-element-92faad7 e-con-full e-flex e-con e-child\" data-id=\"92faad7\" data-element_type=\"container\" data-e-type=\"container\">\n\t\t\t\t<div class=\"elementor-element elementor-element-a0d9d0e elementor-widget elementor-widget-wp-widget-media_video\" data-id=\"a0d9d0e\" data-element_type=\"widget\" data-e-type=\"widget\" data-widget_type=\"wp-widget-media_video.default\">\n\t\t\t\t<div class=\"elementor-widget-container\">\n\t\t\t\t\t<div style=\"width:100%;\" class=\"wp-video\"><video class=\"wp-video-shortcode\" id=\"video-1109-2\" preload=\"auto\" controls=\"controls\"><source type=\"video\/mp4\" src=\"https:\/\/tucasaambientes.com.br\/wp-content\/uploads\/2026\/03\/AQOpdF2d4z8Nl2gatolgiHJbIb5QvFgytoMKm4qxdm2iCF8UZw324NQZDWPm96D31yoxYxjEk0lzcsypS5iGSyzbA3g-Ga-O.mp4?_=2\" \/><source type=\"video\/mp4\" src=\"http:\/\/tucasaambientes.com.br\/wp-content\/uploads\/2026\/03\/AQOpdF2d4z8Nl2gatolgiHJbIb5QvFgytoMKm4qxdm2iCF8UZw324NQZDWPm96D31yoxYxjEk0lzcsypS5iGSyzbA3g-Ga-O.mp4?_=2\" \/><a href=\"https:\/\/tucasaambientes.com.br\/wp-content\/uploads\/2026\/03\/AQOpdF2d4z8Nl2gatolgiHJbIb5QvFgytoMKm4qxdm2iCF8UZw324NQZDWPm96D31yoxYxjEk0lzcsypS5iGSyzbA3g-Ga-O.mp4\">https:\/\/tucasaambientes.com.br\/wp-content\/uploads\/2026\/03\/AQOpdF2d4z8Nl2gatolgiHJbIb5QvFgytoMKm4qxdm2iCF8UZw324NQZDWPm96D31yoxYxjEk0lzcsypS5iGSyzbA3g-Ga-O.mp4<\/a><\/video><\/div>\t\t\t\t<\/div>\n\t\t\t\t<\/div>\n\t\t\t\t<\/div>\n\t\t<div class=\"elementor-element elementor-element-9c42e36 e-con-full e-flex e-con e-child\" data-id=\"9c42e36\" data-element_type=\"container\" data-e-type=\"container\">\n\t\t\t\t<div class=\"elementor-element elementor-element-92e1934 elementor-widget elementor-widget-wp-widget-media_video\" data-id=\"92e1934\" data-element_type=\"widget\" data-e-type=\"widget\" data-widget_type=\"wp-widget-media_video.default\">\n\t\t\t\t<div class=\"elementor-widget-container\">\n\t\t\t\t\t<div style=\"width:100%;\" class=\"wp-video\"><video class=\"wp-video-shortcode\" id=\"video-1109-3\" preload=\"auto\" controls=\"controls\"><source type=\"video\/mp4\" src=\"https:\/\/tucasaambientes.com.br\/wp-content\/uploads\/2026\/03\/A-satisfacao-dos-nossos-clientes-e-a-nossa-maior-recompensa-\ud83d\udc96-Agradecemos-a-nossa-cliente-pelo.mp4?_=3\" \/><source type=\"video\/mp4\" src=\"http:\/\/tucasaambientes.com.br\/wp-content\/uploads\/2026\/03\/A-satisfacao-dos-nossos-clientes-e-a-nossa-maior-recompensa-\ud83d\udc96-Agradecemos-a-nossa-cliente-pelo.mp4?_=3\" \/><a href=\"https:\/\/tucasaambientes.com.br\/wp-content\/uploads\/2026\/03\/A-satisfacao-dos-nossos-clientes-e-a-nossa-maior-recompensa-\ud83d\udc96-Agradecemos-a-nossa-cliente-pelo.mp4\">https:\/\/tucasaambientes.com.br\/wp-content\/uploads\/2026\/03\/A-satisfacao-dos-nossos-clientes-e-a-nossa-maior-recompensa-\ud83d\udc96-Agradecemos-a-nossa-cliente-pelo.mp4<\/a><\/video><\/div>\t\t\t\t<\/div>\n\t\t\t\t<\/div>\n\t\t\t\t<\/div>\n\t\t<div class=\"elementor-element elementor-element-80b6f70 e-con-full e-flex e-con e-child\" data-id=\"80b6f70\" data-element_type=\"container\" data-e-type=\"container\">\n\t\t\t\t<div class=\"elementor-element elementor-element-a5a10e8 elementor-widget elementor-widget-wp-widget-media_video\" data-id=\"a5a10e8\" data-element_type=\"widget\" data-e-type=\"widget\" data-widget_type=\"wp-widget-media_video.default\">\n\t\t\t\t<div class=\"elementor-widget-container\">\n\t\t\t\t\t<div style=\"width:100%;\" class=\"wp-video\"><video class=\"wp-video-shortcode\" id=\"video-1109-4\" preload=\"auto\" controls=\"controls\"><source type=\"video\/mp4\" src=\"https:\/\/tucasaambientes.com.br\/wp-content\/uploads\/2026\/03\/palhanatural-cabeceiradecama.mp4?_=4\" \/><source type=\"video\/mp4\" src=\"http:\/\/tucasaambientes.com.br\/wp-content\/uploads\/2026\/03\/palhanatural-cabeceiradecama.mp4?_=4\" \/><a href=\"https:\/\/tucasaambientes.com.br\/wp-content\/uploads\/2026\/03\/palhanatural-cabeceiradecama.mp4\">https:\/\/tucasaambientes.com.br\/wp-content\/uploads\/2026\/03\/palhanatural-cabeceiradecama.mp4<\/a><\/video><\/div>\t\t\t\t<\/div>\n\t\t\t\t<\/div>\n\t\t\t\t<\/div>\n\t\t<div class=\"elementor-element elementor-element-5cfd878 e-con-full e-flex e-con e-child\" data-id=\"5cfd878\" data-element_type=\"container\" data-e-type=\"container\">\n\t\t\t\t<div class=\"elementor-element elementor-element-9cd0c1c elementor-widget elementor-widget-wp-widget-media_video\" data-id=\"9cd0c1c\" data-element_type=\"widget\" data-e-type=\"widget\" data-widget_type=\"wp-widget-media_video.default\">\n\t\t\t\t<div class=\"elementor-widget-container\">\n\t\t\t\t\t<div style=\"width:100%;\" class=\"wp-video\"><video class=\"wp-video-shortcode\" id=\"video-1109-5\" preload=\"auto\" controls=\"controls\"><source type=\"video\/mp4\" src=\"https:\/\/tucasaambientes.com.br\/wp-content\/uploads\/2026\/03\/quartodemenina-portaspalha-espelholed.mp4?_=5\" \/><source type=\"video\/mp4\" src=\"http:\/\/tucasaambientes.com.br\/wp-content\/uploads\/2026\/03\/quartodemenina-portaspalha-espelholed.mp4?_=5\" \/><a href=\"https:\/\/tucasaambientes.com.br\/wp-content\/uploads\/2026\/03\/quartodemenina-portaspalha-espelholed.mp4\">https:\/\/tucasaambientes.com.br\/wp-content\/uploads\/2026\/03\/quartodemenina-portaspalha-espelholed.mp4<\/a><\/video><\/div>\t\t\t\t<\/div>\n\t\t\t\t<\/div>\n\t\t\t\t<\/div>\n\t\t<div class=\"elementor-element elementor-element-629f863 e-con-full e-flex e-con e-child\" data-id=\"629f863\" data-element_type=\"container\" data-e-type=\"container\">\n\t\t\t\t<div class=\"elementor-element elementor-element-dd03044 elementor-widget elementor-widget-wp-widget-media_video\" data-id=\"dd03044\" data-element_type=\"widget\" data-e-type=\"widget\" data-widget_type=\"wp-widget-media_video.default\">\n\t\t\t\t<div class=\"elementor-widget-container\">\n\t\t\t\t\t<div style=\"width:100%;\" class=\"wp-video\"><video class=\"wp-video-shortcode\" id=\"video-1109-6\" preload=\"auto\" controls=\"controls\"><source type=\"video\/mp4\" src=\"https:\/\/tucasaambientes.com.br\/wp-content\/uploads\/2026\/03\/Quando-o-quarto-se-conecta-com-quem-voce-e-o-descanso-acontece-\ud83c\udf43.mp4?_=6\" \/><source type=\"video\/mp4\" src=\"http:\/\/tucasaambientes.com.br\/wp-content\/uploads\/2026\/03\/Quando-o-quarto-se-conecta-com-quem-voce-e-o-descanso-acontece-\ud83c\udf43.mp4?_=6\" \/><a href=\"https:\/\/tucasaambientes.com.br\/wp-content\/uploads\/2026\/03\/Quando-o-quarto-se-conecta-com-quem-voce-e-o-descanso-acontece-\ud83c\udf43.mp4\">https:\/\/tucasaambientes.com.br\/wp-content\/uploads\/2026\/03\/Quando-o-quarto-se-conecta-com-quem-voce-e-o-descanso-acontece-\ud83c\udf43.mp4<\/a><\/video><\/div>\t\t\t\t<\/div>\n\t\t\t\t<\/div>\n\t\t\t\t<\/div>\n\t\t\t\t\t<\/div>\n\t\t\t\t<\/div>\n\t\t\t\t<\/div>\n\t\t","protected":false},"excerpt":{"rendered":"<p>PORTIF\u00d3LIO SU\u00cdTES Su\u00edtes para se Inspirar A su\u00edte \u00e9 um ref\u00fagio dentro da casa. Um espa\u00e7o de descanso e privacidade que merece um projeto pensado para oferecer conforto, organiza\u00e7\u00e3o e eleg\u00e2ncia em cada detalhe. Eleg\u00e2ncia Contempor\u00e2nea O painel amadeirado em toda a cabeceira cria um ambiente sofisticado e acolhedor. A ilumina\u00e7\u00e3o em LED valoriza as [&hellip;]<\/p>\n","protected":false},"author":1,"featured_media":0,"parent":0,"menu_order":0,"comment_status":"closed","ping_status":"closed","template":"elementor_header_footer","meta":{"_joinchat":[],"footnotes":""},"class_list":["post-1109","page","type-page","status-publish","hentry"],"_links":{"self":[{"href":"https:\/\/tucasaambientes.com.br\/index.php\/wp-json\/wp\/v2\/pages\/1109","targetHints":{"allow":["GET"]}}],"collection":[{"href":"https:\/\/tucasaambientes.com.br\/index.php\/wp-json\/wp\/v2\/pages"}],"about":[{"href":"https:\/\/tucasaambientes.com.br\/index.php\/wp-json\/wp\/v2\/types\/page"}],"author":[{"embeddable":true,"href":"https:\/\/tucasaambientes.com.br\/index.php\/wp-json\/wp\/v2\/users\/1"}],"replies":[{"embeddable":true,"href":"https:\/\/tucasaambientes.com.br\/index.php\/wp-json\/wp\/v2\/comments?post=1109"}],"version-history":[{"count":13,"href":"https:\/\/tucasaambientes.com.br\/index.php\/wp-json\/wp\/v2\/pages\/1109\/revisions"}],"predecessor-version":[{"id":1171,"href":"https:\/\/tucasaambientes.com.br\/index.php\/wp-json\/wp\/v2\/pages\/1109\/revisions\/1171"}],"wp:attachment":[{"href":"https:\/\/tucasaambientes.com.br\/index.php\/wp-json\/wp\/v2\/media?parent=1109"}],"curies":[{"name":"wp","href":"https:\/\/api.w.org\/{rel}","templated":true}]}}