{"id":1105,"date":"2026-03-04T13:03:30","date_gmt":"2026-03-04T16:03:30","guid":{"rendered":"https:\/\/tucasaambientes.com.br\/?page_id=1105"},"modified":"2026-03-05T14:33:45","modified_gmt":"2026-03-05T17:33:45","slug":"living","status":"publish","type":"page","link":"https:\/\/tucasaambientes.com.br\/index.php\/living\/","title":{"rendered":"Living"},"content":{"rendered":"\t\t<div data-elementor-type=\"wp-page\" data-elementor-id=\"1105\" class=\"elementor elementor-1105\">\n\t\t\t\t<div class=\"elementor-element elementor-element-99b380a e-flex e-con-boxed e-con e-parent\" data-id=\"99b380a\" data-element_type=\"container\" data-e-type=\"container\">\n\t\t\t\t\t<div class=\"e-con-inner\">\n\t\t\t\t<div class=\"elementor-element elementor-element-dd4eb7f elementor-widget elementor-widget-heading\" data-id=\"dd4eb7f\" data-element_type=\"widget\" data-e-type=\"widget\" data-widget_type=\"heading.default\">\n\t\t\t\t\t<h2 class=\"elementor-heading-title elementor-size-default\">PORTIF\u00d3LIO LIVING<\/h2>\t\t\t\t<\/div>\n\t\t\t\t<div class=\"elementor-element elementor-element-4044e01 elementor-widget elementor-widget-heading\" data-id=\"4044e01\" data-element_type=\"widget\" data-e-type=\"widget\" data-widget_type=\"heading.default\">\n\t\t\t\t\t<h2 class=\"elementor-heading-title elementor-size-default\">Living para se Inspirar<\/h2>\t\t\t\t<\/div>\n\t\t\t\t<div class=\"elementor-element elementor-element-eda2d2e elementor-widget elementor-widget-heading\" data-id=\"eda2d2e\" data-element_type=\"widget\" data-e-type=\"widget\" data-widget_type=\"heading.default\">\n\t\t\t\t\t<h2 class=\"elementor-heading-title elementor-size-default\">O living \u00e9 o espa\u00e7o onde a casa ganha vida. Um ambiente pensado para receber, relaxar e compartilhar momentos especiais. Com m\u00f3veis planejados, cada detalhe \u00e9 projetado para unir conforto, funcionalidade e est\u00e9tica, criando um espa\u00e7o acolhedor e harmonioso para o dia a dia.<\/h2>\t\t\t\t<\/div>\n\t\t\t\t\t<\/div>\n\t\t\t\t<\/div>\n\t\t<div class=\"elementor-element elementor-element-f3aaf3a e-flex e-con-boxed e-con e-parent\" data-id=\"f3aaf3a\" data-element_type=\"container\" data-e-type=\"container\">\n\t\t\t\t\t<div class=\"e-con-inner\">\n\t\t<div class=\"elementor-element elementor-element-51c7aca e-con-full e-flex e-con e-child\" data-id=\"51c7aca\" data-element_type=\"container\" data-e-type=\"container\">\n\t\t\t\t<div class=\"elementor-element elementor-element-23ffe74 elementor-position-top elementor-widget elementor-widget-image-box\" data-id=\"23ffe74\" data-element_type=\"widget\" data-e-type=\"widget\" data-widget_type=\"image-box.default\">\n\t\t\t\t\t<div class=\"elementor-image-box-wrapper\"><figure class=\"elementor-image-box-img\"><img fetchpriority=\"high\" decoding=\"async\" width=\"1438\" height=\"1438\" src=\"https:\/\/tucasaambientes.com.br\/wp-content\/uploads\/2026\/03\/IMG_5966-scaled-e1772730590751.jpg\" class=\"elementor-animation-shrink attachment-full size-full wp-image-1198\" alt=\"\" srcset=\"https:\/\/tucasaambientes.com.br\/wp-content\/uploads\/2026\/03\/IMG_5966-scaled-e1772730590751.jpg 1438w, https:\/\/tucasaambientes.com.br\/wp-content\/uploads\/2026\/03\/IMG_5966-scaled-e1772730590751-300x300.jpg 300w, https:\/\/tucasaambientes.com.br\/wp-content\/uploads\/2026\/03\/IMG_5966-scaled-e1772730590751-1024x1024.jpg 1024w, https:\/\/tucasaambientes.com.br\/wp-content\/uploads\/2026\/03\/IMG_5966-scaled-e1772730590751-150x150.jpg 150w, https:\/\/tucasaambientes.com.br\/wp-content\/uploads\/2026\/03\/IMG_5966-scaled-e1772730590751-768x768.jpg 768w\" sizes=\"(max-width: 1438px) 100vw, 1438px\" \/><\/figure><div class=\"elementor-image-box-content\"><h3 class=\"elementor-image-box-title\">Amplitude Contempor\u00e2nea<\/h3><p class=\"elementor-image-box-description\">Um living integrado que valoriza a ilumina\u00e7\u00e3o natural e a continuidade dos espa\u00e7os. A marcenaria planejada acompanha toda a extens\u00e3o do ambiente, criando eleg\u00e2ncia e funcionalidade.\n<\/p><\/div><\/div>\t\t\t\t<\/div>\n\t\t\t\t<\/div>\n\t\t<div class=\"elementor-element elementor-element-c81b33f e-con-full e-flex e-con e-child\" data-id=\"c81b33f\" data-element_type=\"container\" data-e-type=\"container\">\n\t\t\t\t<div class=\"elementor-element elementor-element-41b1cac elementor-position-top elementor-widget elementor-widget-image-box\" data-id=\"41b1cac\" data-element_type=\"widget\" data-e-type=\"widget\" data-widget_type=\"image-box.default\">\n\t\t\t\t\t<div class=\"elementor-image-box-wrapper\"><figure class=\"elementor-image-box-img\"><img decoding=\"async\" width=\"1438\" height=\"1438\" src=\"https:\/\/tucasaambientes.com.br\/wp-content\/uploads\/2026\/03\/IMG_5979-scaled-e1772730642262.jpg\" class=\"elementor-animation-shrink attachment-full size-full wp-image-1200\" alt=\"\" srcset=\"https:\/\/tucasaambientes.com.br\/wp-content\/uploads\/2026\/03\/IMG_5979-scaled-e1772730642262.jpg 1438w, https:\/\/tucasaambientes.com.br\/wp-content\/uploads\/2026\/03\/IMG_5979-scaled-e1772730642262-300x300.jpg 300w, https:\/\/tucasaambientes.com.br\/wp-content\/uploads\/2026\/03\/IMG_5979-scaled-e1772730642262-1024x1024.jpg 1024w, https:\/\/tucasaambientes.com.br\/wp-content\/uploads\/2026\/03\/IMG_5979-scaled-e1772730642262-150x150.jpg 150w, https:\/\/tucasaambientes.com.br\/wp-content\/uploads\/2026\/03\/IMG_5979-scaled-e1772730642262-768x768.jpg 768w\" sizes=\"(max-width: 1438px) 100vw, 1438px\" \/><\/figure><div class=\"elementor-image-box-content\"><h3 class=\"elementor-image-box-title\">Conviv\u00eancia Sofisticada<\/h3><p class=\"elementor-image-box-description\">Um ambiente pensado para receber com conforto. As estantes planejadas e a ilumina\u00e7\u00e3o indireta criam uma atmosfera acolhedora e elegante.<\/p><\/div><\/div>\t\t\t\t<\/div>\n\t\t\t\t<\/div>\n\t\t<div class=\"elementor-element elementor-element-b6cd648 e-con-full e-flex e-con e-child\" data-id=\"b6cd648\" data-element_type=\"container\" data-e-type=\"container\">\n\t\t\t\t<div class=\"elementor-element elementor-element-a810b0e elementor-position-top elementor-widget elementor-widget-image-box\" data-id=\"a810b0e\" data-element_type=\"widget\" data-e-type=\"widget\" data-widget_type=\"image-box.default\">\n\t\t\t\t\t<div class=\"elementor-image-box-wrapper\"><figure class=\"elementor-image-box-img\"><img decoding=\"async\" width=\"1438\" height=\"1438\" src=\"https:\/\/tucasaambientes.com.br\/wp-content\/uploads\/2026\/03\/IMG_5980-scaled-e1772730693237.jpg\" class=\"elementor-animation-shrink attachment-full size-full wp-image-1201\" alt=\"\" srcset=\"https:\/\/tucasaambientes.com.br\/wp-content\/uploads\/2026\/03\/IMG_5980-scaled-e1772730693237.jpg 1438w, https:\/\/tucasaambientes.com.br\/wp-content\/uploads\/2026\/03\/IMG_5980-scaled-e1772730693237-300x300.jpg 300w, https:\/\/tucasaambientes.com.br\/wp-content\/uploads\/2026\/03\/IMG_5980-scaled-e1772730693237-1024x1024.jpg 1024w, https:\/\/tucasaambientes.com.br\/wp-content\/uploads\/2026\/03\/IMG_5980-scaled-e1772730693237-150x150.jpg 150w, https:\/\/tucasaambientes.com.br\/wp-content\/uploads\/2026\/03\/IMG_5980-scaled-e1772730693237-768x768.jpg 768w\" sizes=\"(max-width: 1438px) 100vw, 1438px\" \/><\/figure><div class=\"elementor-image-box-content\"><h3 class=\"elementor-image-box-title\">Integra\u00e7\u00e3o Moderna<\/h3><p class=\"elementor-image-box-description\">A grande bancada convida para momentos de conviv\u00eancia e intera\u00e7\u00e3o. Um projeto que une design contempor\u00e2neo, ilumina\u00e7\u00e3o estrat\u00e9gica e funcionalidade.\n<\/p><\/div><\/div>\t\t\t\t<\/div>\n\t\t\t\t<\/div>\n\t\t<div class=\"elementor-element elementor-element-ab3d5ba e-con-full e-flex e-con e-child\" data-id=\"ab3d5ba\" data-element_type=\"container\" data-e-type=\"container\">\n\t\t\t\t<div class=\"elementor-element elementor-element-e8d769c elementor-position-top elementor-widget elementor-widget-image-box\" data-id=\"e8d769c\" data-element_type=\"widget\" data-e-type=\"widget\" data-widget_type=\"image-box.default\">\n\t\t\t\t\t<div class=\"elementor-image-box-wrapper\"><figure class=\"elementor-image-box-img\"><img loading=\"lazy\" decoding=\"async\" width=\"1280\" height=\"1280\" src=\"https:\/\/tucasaambientes.com.br\/wp-content\/uploads\/2026\/03\/IMG_5978-scaled-e1772730761194.jpg\" class=\"elementor-animation-shrink attachment-full size-full wp-image-1199\" alt=\"\" srcset=\"https:\/\/tucasaambientes.com.br\/wp-content\/uploads\/2026\/03\/IMG_5978-scaled-e1772730761194.jpg 1280w, https:\/\/tucasaambientes.com.br\/wp-content\/uploads\/2026\/03\/IMG_5978-scaled-e1772730761194-300x300.jpg 300w, https:\/\/tucasaambientes.com.br\/wp-content\/uploads\/2026\/03\/IMG_5978-scaled-e1772730761194-1024x1024.jpg 1024w, https:\/\/tucasaambientes.com.br\/wp-content\/uploads\/2026\/03\/IMG_5978-scaled-e1772730761194-150x150.jpg 150w, https:\/\/tucasaambientes.com.br\/wp-content\/uploads\/2026\/03\/IMG_5978-scaled-e1772730761194-768x768.jpg 768w\" sizes=\"(max-width: 1280px) 100vw, 1280px\" \/><\/figure><div class=\"elementor-image-box-content\"><h3 class=\"elementor-image-box-title\">Eleg\u00e2ncia Minimalista<\/h3><p class=\"elementor-image-box-description\">Linhas simples e tons claros criam um ambiente leve e sofisticado. A marcenaria planejada organiza o espa\u00e7o com discri\u00e7\u00e3o e eleg\u00e2ncia.\n<\/p><\/div><\/div>\t\t\t\t<\/div>\n\t\t\t\t<\/div>\n\t\t<div class=\"elementor-element elementor-element-fc2c5d3 e-con-full e-flex e-con e-child\" data-id=\"fc2c5d3\" data-element_type=\"container\" data-e-type=\"container\">\n\t\t\t\t<div class=\"elementor-element elementor-element-9aca1d8 elementor-position-top elementor-widget elementor-widget-image-box\" data-id=\"9aca1d8\" data-element_type=\"widget\" data-e-type=\"widget\" data-widget_type=\"image-box.default\">\n\t\t\t\t\t<div class=\"elementor-image-box-wrapper\"><figure class=\"elementor-image-box-img\"><img loading=\"lazy\" decoding=\"async\" width=\"1536\" height=\"1536\" src=\"https:\/\/tucasaambientes.com.br\/wp-content\/uploads\/2026\/03\/IMG_84D3456D-D5D9-4513-ACD5-F437057E2BC8-e1772730851369.jpg\" class=\"elementor-animation-shrink attachment-full size-full wp-image-1205\" alt=\"\" srcset=\"https:\/\/tucasaambientes.com.br\/wp-content\/uploads\/2026\/03\/IMG_84D3456D-D5D9-4513-ACD5-F437057E2BC8-e1772730851369.jpg 1536w, https:\/\/tucasaambientes.com.br\/wp-content\/uploads\/2026\/03\/IMG_84D3456D-D5D9-4513-ACD5-F437057E2BC8-e1772730851369-300x300.jpg 300w, https:\/\/tucasaambientes.com.br\/wp-content\/uploads\/2026\/03\/IMG_84D3456D-D5D9-4513-ACD5-F437057E2BC8-e1772730851369-1024x1024.jpg 1024w, https:\/\/tucasaambientes.com.br\/wp-content\/uploads\/2026\/03\/IMG_84D3456D-D5D9-4513-ACD5-F437057E2BC8-e1772730851369-150x150.jpg 150w, https:\/\/tucasaambientes.com.br\/wp-content\/uploads\/2026\/03\/IMG_84D3456D-D5D9-4513-ACD5-F437057E2BC8-e1772730851369-768x768.jpg 768w\" sizes=\"(max-width: 1536px) 100vw, 1536px\" \/><\/figure><div class=\"elementor-image-box-content\"><h3 class=\"elementor-image-box-title\">Conviv\u00eancia Iluminada<\/h3><p class=\"elementor-image-box-description\">A mesa ampla e a ilumina\u00e7\u00e3o decorativa criam um ambiente convidativo para encontros e refei\u00e7\u00f5es especiais, valorizando o conforto e a est\u00e9tica do espa\u00e7o.\n\n<\/p><\/div><\/div>\t\t\t\t<\/div>\n\t\t\t\t<\/div>\n\t\t<div class=\"elementor-element elementor-element-1214432 e-con-full e-flex e-con e-child\" data-id=\"1214432\" data-element_type=\"container\" data-e-type=\"container\">\n\t\t\t\t<div class=\"elementor-element elementor-element-d42054d elementor-position-top elementor-widget elementor-widget-image-box\" data-id=\"d42054d\" data-element_type=\"widget\" data-e-type=\"widget\" data-widget_type=\"image-box.default\">\n\t\t\t\t\t<div class=\"elementor-image-box-wrapper\"><figure class=\"elementor-image-box-img\"><img loading=\"lazy\" decoding=\"async\" width=\"1536\" height=\"1536\" src=\"https:\/\/tucasaambientes.com.br\/wp-content\/uploads\/2026\/03\/IMG_6077-e1772730963976.jpg\" class=\"elementor-animation-shrink attachment-full size-full wp-image-1206\" alt=\"\" srcset=\"https:\/\/tucasaambientes.com.br\/wp-content\/uploads\/2026\/03\/IMG_6077-e1772730963976.jpg 1536w, https:\/\/tucasaambientes.com.br\/wp-content\/uploads\/2026\/03\/IMG_6077-e1772730963976-300x300.jpg 300w, https:\/\/tucasaambientes.com.br\/wp-content\/uploads\/2026\/03\/IMG_6077-e1772730963976-1024x1024.jpg 1024w, https:\/\/tucasaambientes.com.br\/wp-content\/uploads\/2026\/03\/IMG_6077-e1772730963976-150x150.jpg 150w, https:\/\/tucasaambientes.com.br\/wp-content\/uploads\/2026\/03\/IMG_6077-e1772730963976-768x768.jpg 768w\" sizes=\"(max-width: 1536px) 100vw, 1536px\" \/><\/figure><div class=\"elementor-image-box-content\"><h3 class=\"elementor-image-box-title\">Sofistica\u00e7\u00e3o Natural  <\/h3><p class=\"elementor-image-box-description\">A presen\u00e7a marcante da madeira traz acolhimento e eleg\u00e2ncia ao ambiente. Um living que equilibra design contempor\u00e2neo e sensa\u00e7\u00e3o de conforto.\n<\/p><\/div><\/div>\t\t\t\t<\/div>\n\t\t\t\t<\/div>\n\t\t\t\t\t<\/div>\n\t\t\t\t<\/div>\n\t\t<div class=\"elementor-element elementor-element-8b99d78 e-flex e-con-boxed e-con e-parent\" data-id=\"8b99d78\" data-element_type=\"container\" data-e-type=\"container\">\n\t\t\t\t\t<div class=\"e-con-inner\">\n\t\t\t\t<div class=\"elementor-element elementor-element-59d0f2d elementor-widget elementor-widget-heading\" data-id=\"59d0f2d\" data-element_type=\"widget\" data-e-type=\"widget\" data-widget_type=\"heading.default\">\n\t\t\t\t\t<h2 class=\"elementor-heading-title elementor-size-default\">Experi\u00eancia completa em v\u00eddeo<\/h2>\t\t\t\t<\/div>\n\t\t\t\t<div class=\"elementor-element elementor-element-d78ac3d elementor-widget elementor-widget-heading\" data-id=\"d78ac3d\" data-element_type=\"widget\" data-e-type=\"widget\" data-widget_type=\"heading.default\">\n\t\t\t\t\t<h2 class=\"elementor-heading-title elementor-size-default\">N\u00f3s v\u00eddeos abaixo, voc\u00ea confere mais detalhes, acabamentos e solu\u00e7\u00f5es aplicadas em diferentes projetos de living.<\/h2>\t\t\t\t<\/div>\n\t\t\t\t\t<\/div>\n\t\t\t\t<\/div>\n\t\t<div class=\"elementor-element elementor-element-8eb3bdf e-flex e-con-boxed e-con e-parent\" data-id=\"8eb3bdf\" data-element_type=\"container\" data-e-type=\"container\">\n\t\t\t\t\t<div class=\"e-con-inner\">\n\t\t<div class=\"elementor-element elementor-element-ce62b0e e-con-full e-flex e-con e-child\" data-id=\"ce62b0e\" data-element_type=\"container\" data-e-type=\"container\">\n\t\t\t\t<div class=\"elementor-element elementor-element-ca2f4d2 elementor-widget elementor-widget-wp-widget-media_video\" data-id=\"ca2f4d2\" data-element_type=\"widget\" data-e-type=\"widget\" data-widget_type=\"wp-widget-media_video.default\">\n\t\t\t\t<div class=\"elementor-widget-container\">\n\t\t\t\t\t<div style=\"width:100%;\" class=\"wp-video\"><video class=\"wp-video-shortcode\" id=\"video-1105-1\" preload=\"auto\" controls=\"controls\"><source type=\"video\/mp4\" src=\"https:\/\/tucasaambientes.com.br\/wp-content\/uploads\/2026\/03\/IMG_8345.mp4?_=1\" \/><source type=\"video\/mp4\" src=\"http:\/\/tucasaambientes.com.br\/wp-content\/uploads\/2026\/03\/IMG_8345.mp4?_=1\" \/><a href=\"https:\/\/tucasaambientes.com.br\/wp-content\/uploads\/2026\/03\/IMG_8345.mp4\">https:\/\/tucasaambientes.com.br\/wp-content\/uploads\/2026\/03\/IMG_8345.mp4<\/a><\/video><\/div>\t\t\t\t<\/div>\n\t\t\t\t<\/div>\n\t\t\t\t<\/div>\n\t\t<div class=\"elementor-element elementor-element-5f3b134 e-con-full e-flex e-con e-child\" data-id=\"5f3b134\" data-element_type=\"container\" data-e-type=\"container\">\n\t\t\t\t<div class=\"elementor-element elementor-element-0cf8551 elementor-widget elementor-widget-wp-widget-media_video\" data-id=\"0cf8551\" data-element_type=\"widget\" data-e-type=\"widget\" data-widget_type=\"wp-widget-media_video.default\">\n\t\t\t\t<div class=\"elementor-widget-container\">\n\t\t\t\t\t<div style=\"width:100%;\" class=\"wp-video\"><video class=\"wp-video-shortcode\" id=\"video-1105-2\" preload=\"auto\" controls=\"controls\"><source type=\"video\/mp4\" src=\"https:\/\/tucasaambientes.com.br\/wp-content\/uploads\/2026\/03\/IMG_6863.mp4?_=2\" \/><source type=\"video\/mp4\" src=\"http:\/\/tucasaambientes.com.br\/wp-content\/uploads\/2026\/03\/IMG_6863.mp4?_=2\" \/><a href=\"https:\/\/tucasaambientes.com.br\/wp-content\/uploads\/2026\/03\/IMG_6863.mp4\">https:\/\/tucasaambientes.com.br\/wp-content\/uploads\/2026\/03\/IMG_6863.mp4<\/a><\/video><\/div>\t\t\t\t<\/div>\n\t\t\t\t<\/div>\n\t\t\t\t<\/div>\n\t\t<div class=\"elementor-element elementor-element-b619583 e-con-full e-flex e-con e-child\" data-id=\"b619583\" data-element_type=\"container\" data-e-type=\"container\">\n\t\t\t\t<div class=\"elementor-element elementor-element-b886c2e elementor-widget elementor-widget-wp-widget-media_video\" data-id=\"b886c2e\" data-element_type=\"widget\" data-e-type=\"widget\" data-widget_type=\"wp-widget-media_video.default\">\n\t\t\t\t<div class=\"elementor-widget-container\">\n\t\t\t\t\t<div style=\"width:100%;\" class=\"wp-video\"><video class=\"wp-video-shortcode\" id=\"video-1105-3\" preload=\"auto\" controls=\"controls\"><source type=\"video\/mp4\" src=\"https:\/\/tucasaambientes.com.br\/wp-content\/uploads\/2026\/03\/IMG_5973.mp4?_=3\" \/><source type=\"video\/mp4\" src=\"http:\/\/tucasaambientes.com.br\/wp-content\/uploads\/2026\/03\/IMG_5973.mp4?_=3\" \/><a href=\"https:\/\/tucasaambientes.com.br\/wp-content\/uploads\/2026\/03\/IMG_5973.mp4\">https:\/\/tucasaambientes.com.br\/wp-content\/uploads\/2026\/03\/IMG_5973.mp4<\/a><\/video><\/div>\t\t\t\t<\/div>\n\t\t\t\t<\/div>\n\t\t\t\t<\/div>\n\t\t<div class=\"elementor-element elementor-element-d976843 e-con-full e-flex e-con e-child\" data-id=\"d976843\" data-element_type=\"container\" data-e-type=\"container\">\n\t\t\t\t<div class=\"elementor-element elementor-element-43a0e24 elementor-widget elementor-widget-wp-widget-media_video\" data-id=\"43a0e24\" data-element_type=\"widget\" data-e-type=\"widget\" data-widget_type=\"wp-widget-media_video.default\">\n\t\t\t\t<div class=\"elementor-widget-container\">\n\t\t\t\t\t<div style=\"width:100%;\" class=\"wp-video\"><video class=\"wp-video-shortcode\" id=\"video-1105-4\" preload=\"auto\" controls=\"controls\"><source type=\"video\/mp4\" src=\"https:\/\/tucasaambientes.com.br\/wp-content\/uploads\/2026\/03\/IMG_6865.mp4?_=4\" \/><source type=\"video\/mp4\" src=\"http:\/\/tucasaambientes.com.br\/wp-content\/uploads\/2026\/03\/IMG_6865.mp4?_=4\" \/><a href=\"https:\/\/tucasaambientes.com.br\/wp-content\/uploads\/2026\/03\/IMG_6865.mp4\">https:\/\/tucasaambientes.com.br\/wp-content\/uploads\/2026\/03\/IMG_6865.mp4<\/a><\/video><\/div>\t\t\t\t<\/div>\n\t\t\t\t<\/div>\n\t\t\t\t<\/div>\n\t\t<div class=\"elementor-element elementor-element-eb3d950 e-con-full e-flex e-con e-child\" data-id=\"eb3d950\" data-element_type=\"container\" data-e-type=\"container\">\n\t\t\t\t<div class=\"elementor-element elementor-element-66a3a57 elementor-widget elementor-widget-wp-widget-media_video\" data-id=\"66a3a57\" data-element_type=\"widget\" data-e-type=\"widget\" data-widget_type=\"wp-widget-media_video.default\">\n\t\t\t\t<div class=\"elementor-widget-container\">\n\t\t\t\t\t<div style=\"width:100%;\" class=\"wp-video\"><video class=\"wp-video-shortcode\" id=\"video-1105-5\" preload=\"auto\" controls=\"controls\"><source type=\"video\/mp4\" src=\"https:\/\/tucasaambientes.com.br\/wp-content\/uploads\/2026\/03\/IMG_7446.mp4?_=5\" \/><source type=\"video\/mp4\" src=\"http:\/\/tucasaambientes.com.br\/wp-content\/uploads\/2026\/03\/IMG_7446.mp4?_=5\" \/><a href=\"https:\/\/tucasaambientes.com.br\/wp-content\/uploads\/2026\/03\/IMG_7446.mp4\">https:\/\/tucasaambientes.com.br\/wp-content\/uploads\/2026\/03\/IMG_7446.mp4<\/a><\/video><\/div>\t\t\t\t<\/div>\n\t\t\t\t<\/div>\n\t\t\t\t<\/div>\n\t\t<div class=\"elementor-element elementor-element-a14bf03 e-con-full e-flex e-con e-child\" data-id=\"a14bf03\" data-element_type=\"container\" data-e-type=\"container\">\n\t\t\t\t<div class=\"elementor-element elementor-element-d4cfe4c elementor-widget elementor-widget-wp-widget-media_video\" data-id=\"d4cfe4c\" data-element_type=\"widget\" data-e-type=\"widget\" data-widget_type=\"wp-widget-media_video.default\">\n\t\t\t\t<div class=\"elementor-widget-container\">\n\t\t\t\t\t<div style=\"width:100%;\" class=\"wp-video\"><video class=\"wp-video-shortcode\" id=\"video-1105-6\" preload=\"auto\" controls=\"controls\"><source type=\"video\/mp4\" src=\"https:\/\/tucasaambientes.com.br\/wp-content\/uploads\/2026\/03\/IMG_5925.mp4?_=6\" \/><source type=\"video\/mp4\" src=\"http:\/\/tucasaambientes.com.br\/wp-content\/uploads\/2026\/03\/IMG_5925.mp4?_=6\" \/><a href=\"https:\/\/tucasaambientes.com.br\/wp-content\/uploads\/2026\/03\/IMG_5925.mp4\">https:\/\/tucasaambientes.com.br\/wp-content\/uploads\/2026\/03\/IMG_5925.mp4<\/a><\/video><\/div>\t\t\t\t<\/div>\n\t\t\t\t<\/div>\n\t\t\t\t<\/div>\n\t\t\t\t\t<\/div>\n\t\t\t\t<\/div>\n\t\t\t\t<\/div>\n\t\t","protected":false},"excerpt":{"rendered":"<p>PORTIF\u00d3LIO LIVING Living para se Inspirar O living \u00e9 o espa\u00e7o onde a casa ganha vida. Um ambiente pensado para receber, relaxar e compartilhar momentos especiais. Com m\u00f3veis planejados, cada detalhe \u00e9 projetado para unir conforto, funcionalidade e est\u00e9tica, criando um espa\u00e7o acolhedor e harmonioso para o dia a dia. Amplitude Contempor\u00e2nea Um living integrado [&hellip;]<\/p>\n","protected":false},"author":1,"featured_media":0,"parent":0,"menu_order":0,"comment_status":"closed","ping_status":"closed","template":"elementor_header_footer","meta":{"_joinchat":[],"footnotes":""},"class_list":["post-1105","page","type-page","status-publish","hentry"],"_links":{"self":[{"href":"https:\/\/tucasaambientes.com.br\/index.php\/wp-json\/wp\/v2\/pages\/1105","targetHints":{"allow":["GET"]}}],"collection":[{"href":"https:\/\/tucasaambientes.com.br\/index.php\/wp-json\/wp\/v2\/pages"}],"about":[{"href":"https:\/\/tucasaambientes.com.br\/index.php\/wp-json\/wp\/v2\/types\/page"}],"author":[{"embeddable":true,"href":"https:\/\/tucasaambientes.com.br\/index.php\/wp-json\/wp\/v2\/users\/1"}],"replies":[{"embeddable":true,"href":"https:\/\/tucasaambientes.com.br\/index.php\/wp-json\/wp\/v2\/comments?post=1105"}],"version-history":[{"count":9,"href":"https:\/\/tucasaambientes.com.br\/index.php\/wp-json\/wp\/v2\/pages\/1105\/revisions"}],"predecessor-version":[{"id":1222,"href":"https:\/\/tucasaambientes.com.br\/index.php\/wp-json\/wp\/v2\/pages\/1105\/revisions\/1222"}],"wp:attachment":[{"href":"https:\/\/tucasaambientes.com.br\/index.php\/wp-json\/wp\/v2\/media?parent=1105"}],"curies":[{"name":"wp","href":"https:\/\/api.w.org\/{rel}","templated":true}]}}