{"id":1028,"date":"2026-03-03T20:27:15","date_gmt":"2026-03-03T23:27:15","guid":{"rendered":"https:\/\/tucasaambientes.com.br\/?page_id=1028"},"modified":"2026-03-03T22:06:47","modified_gmt":"2026-03-04T01:06:47","slug":"cozinhas","status":"publish","type":"page","link":"https:\/\/tucasaambientes.com.br\/index.php\/cozinhas\/","title":{"rendered":"Cozinhas"},"content":{"rendered":"\t\t<div data-elementor-type=\"wp-page\" data-elementor-id=\"1028\" class=\"elementor elementor-1028\">\n\t\t\t\t<div class=\"elementor-element elementor-element-e8c3102 e-flex e-con-boxed e-con e-parent\" data-id=\"e8c3102\" data-element_type=\"container\" data-e-type=\"container\">\n\t\t\t\t\t<div class=\"e-con-inner\">\n\t\t\t\t<div class=\"elementor-element elementor-element-07d10d7 elementor-widget elementor-widget-heading\" data-id=\"07d10d7\" data-element_type=\"widget\" data-e-type=\"widget\" data-widget_type=\"heading.default\">\n\t\t\t\t\t<h2 class=\"elementor-heading-title elementor-size-default\">PORTIF\u00d3LIO COZINHA<\/h2>\t\t\t\t<\/div>\n\t\t\t\t<div class=\"elementor-element elementor-element-d3b9bde elementor-widget elementor-widget-heading\" data-id=\"d3b9bde\" data-element_type=\"widget\" data-e-type=\"widget\" data-widget_type=\"heading.default\">\n\t\t\t\t\t<h2 class=\"elementor-heading-title elementor-size-default\">Cozinhas para se Inspirar<\/h2>\t\t\t\t<\/div>\n\t\t\t\t<div class=\"elementor-element elementor-element-526cdd1 elementor-widget elementor-widget-heading\" data-id=\"526cdd1\" data-element_type=\"widget\" data-e-type=\"widget\" data-widget_type=\"heading.default\">\n\t\t\t\t\t<h2 class=\"elementor-heading-title elementor-size-default\">A cozinha \u00e9 o cora\u00e7\u00e3o da casa. \u00c9 onde os encontros acontecem, as receitas ganham vida e os momentos em fam\u00edlia se tornam mem\u00f3rias.\nUma cozinha planejada une est\u00e9tica, funcionalidade e aproveitamento inteligente de cada espa\u00e7o, criando um ambiente bonito, organizado e feito sob medida para a sua rotina.<\/h2>\t\t\t\t<\/div>\n\t\t\t\t\t<\/div>\n\t\t\t\t<\/div>\n\t\t<div class=\"elementor-element elementor-element-3b93b22 e-flex e-con-boxed e-con e-parent\" data-id=\"3b93b22\" data-element_type=\"container\" data-e-type=\"container\">\n\t\t\t\t\t<div class=\"e-con-inner\">\n\t\t<div class=\"elementor-element elementor-element-4060fdb e-con-full e-flex e-con e-child\" data-id=\"4060fdb\" data-element_type=\"container\" data-e-type=\"container\">\n\t\t\t\t<div class=\"elementor-element elementor-element-ad4aa67 elementor-position-top elementor-widget elementor-widget-image-box\" data-id=\"ad4aa67\" data-element_type=\"widget\" data-e-type=\"widget\" data-widget_type=\"image-box.default\">\n\t\t\t\t\t<div class=\"elementor-image-box-wrapper\"><figure class=\"elementor-image-box-img\"><img fetchpriority=\"high\" decoding=\"async\" width=\"1438\" height=\"1438\" src=\"https:\/\/tucasaambientes.com.br\/wp-content\/uploads\/2026\/03\/IMG_6181-scaled-e1772580132334.jpg\" class=\"elementor-animation-shrink attachment-full size-full wp-image-1055\" alt=\"\" srcset=\"https:\/\/tucasaambientes.com.br\/wp-content\/uploads\/2026\/03\/IMG_6181-scaled-e1772580132334.jpg 1438w, https:\/\/tucasaambientes.com.br\/wp-content\/uploads\/2026\/03\/IMG_6181-scaled-e1772580132334-300x300.jpg 300w, https:\/\/tucasaambientes.com.br\/wp-content\/uploads\/2026\/03\/IMG_6181-scaled-e1772580132334-1024x1024.jpg 1024w, https:\/\/tucasaambientes.com.br\/wp-content\/uploads\/2026\/03\/IMG_6181-scaled-e1772580132334-150x150.jpg 150w, https:\/\/tucasaambientes.com.br\/wp-content\/uploads\/2026\/03\/IMG_6181-scaled-e1772580132334-768x768.jpg 768w\" sizes=\"(max-width: 1438px) 100vw, 1438px\" \/><\/figure><div class=\"elementor-image-box-content\"><h3 class=\"elementor-image-box-title\">Moderna com Contrastes<\/h3><p class=\"elementor-image-box-description\">A combina\u00e7\u00e3o do amadeirado com tons escuros traz sofistica\u00e7\u00e3o e personalidade. Os m\u00f3veis planejados garantem encaixe perfeito, melhor aproveitamento do espa\u00e7o e um acabamento que valoriza cada detalhe do projeto.<\/p><\/div><\/div>\t\t\t\t<\/div>\n\t\t\t\t<\/div>\n\t\t<div class=\"elementor-element elementor-element-fc05761 e-con-full e-flex e-con e-child\" data-id=\"fc05761\" data-element_type=\"container\" data-e-type=\"container\">\n\t\t\t\t<div class=\"elementor-element elementor-element-0a286ea elementor-position-top elementor-widget elementor-widget-image-box\" data-id=\"0a286ea\" data-element_type=\"widget\" data-e-type=\"widget\" data-widget_type=\"image-box.default\">\n\t\t\t\t\t<div class=\"elementor-image-box-wrapper\"><figure class=\"elementor-image-box-img\"><img decoding=\"async\" width=\"1536\" height=\"1536\" src=\"https:\/\/tucasaambientes.com.br\/wp-content\/uploads\/2026\/03\/IMG_3833-e1772580513117.jpg\" class=\"elementor-animation-shrink attachment-full size-full wp-image-1033\" alt=\"\" srcset=\"https:\/\/tucasaambientes.com.br\/wp-content\/uploads\/2026\/03\/IMG_3833-e1772580513117.jpg 1536w, https:\/\/tucasaambientes.com.br\/wp-content\/uploads\/2026\/03\/IMG_3833-e1772580513117-300x300.jpg 300w, https:\/\/tucasaambientes.com.br\/wp-content\/uploads\/2026\/03\/IMG_3833-e1772580513117-1024x1024.jpg 1024w, https:\/\/tucasaambientes.com.br\/wp-content\/uploads\/2026\/03\/IMG_3833-e1772580513117-150x150.jpg 150w, https:\/\/tucasaambientes.com.br\/wp-content\/uploads\/2026\/03\/IMG_3833-e1772580513117-768x768.jpg 768w\" sizes=\"(max-width: 1536px) 100vw, 1536px\" \/><\/figure><div class=\"elementor-image-box-content\"><h3 class=\"elementor-image-box-title\">Integra\u00e7\u00e3o e Eleg\u00e2ncia <\/h3><p class=\"elementor-image-box-description\">Com ilha ampla e banquetas, essa cozinha convida para momentos de conviv\u00eancia. O planejamento sob medida permite circula\u00e7\u00e3o confort\u00e1vel, organiza\u00e7\u00e3o inteligente e um visual moderno que permanece atemporal.\n<\/p><\/div><\/div>\t\t\t\t<\/div>\n\t\t\t\t<\/div>\n\t\t<div class=\"elementor-element elementor-element-ad96d22 e-con-full e-flex e-con e-child\" data-id=\"ad96d22\" data-element_type=\"container\" data-e-type=\"container\">\n\t\t\t\t<div class=\"elementor-element elementor-element-ae8c5c4 elementor-position-top elementor-widget elementor-widget-image-box\" data-id=\"ae8c5c4\" data-element_type=\"widget\" data-e-type=\"widget\" data-widget_type=\"image-box.default\">\n\t\t\t\t\t<div class=\"elementor-image-box-wrapper\"><figure class=\"elementor-image-box-img\"><img decoding=\"async\" width=\"1438\" height=\"1438\" src=\"https:\/\/tucasaambientes.com.br\/wp-content\/uploads\/2026\/03\/IMG_7457-scaled-e1772580663643.jpg\" class=\"elementor-animation-shrink attachment-full size-full wp-image-1043\" alt=\"\" srcset=\"https:\/\/tucasaambientes.com.br\/wp-content\/uploads\/2026\/03\/IMG_7457-scaled-e1772580663643.jpg 1438w, https:\/\/tucasaambientes.com.br\/wp-content\/uploads\/2026\/03\/IMG_7457-scaled-e1772580663643-300x300.jpg 300w, https:\/\/tucasaambientes.com.br\/wp-content\/uploads\/2026\/03\/IMG_7457-scaled-e1772580663643-1024x1024.jpg 1024w, https:\/\/tucasaambientes.com.br\/wp-content\/uploads\/2026\/03\/IMG_7457-scaled-e1772580663643-150x150.jpg 150w, https:\/\/tucasaambientes.com.br\/wp-content\/uploads\/2026\/03\/IMG_7457-scaled-e1772580663643-768x768.jpg 768w\" sizes=\"(max-width: 1438px) 100vw, 1438px\" \/><\/figure><div class=\"elementor-image-box-content\"><h3 class=\"elementor-image-box-title\">Aconchego Natural<\/h3><p class=\"elementor-image-box-description\">A madeira traz calor ao ambiente, enquanto os m\u00f3veis planejados integram torre de eletros, bancada e arm\u00e1rios de forma harmoniosa, garantindo praticidade e est\u00e9tica equilibrada no dia a dia.<\/p><\/div><\/div>\t\t\t\t<\/div>\n\t\t\t\t<\/div>\n\t\t<div class=\"elementor-element elementor-element-c0d78e2 e-con-full e-flex e-con e-child\" data-id=\"c0d78e2\" data-element_type=\"container\" data-e-type=\"container\">\n\t\t\t\t<div class=\"elementor-element elementor-element-cb9409a elementor-position-top elementor-widget elementor-widget-image-box\" data-id=\"cb9409a\" data-element_type=\"widget\" data-e-type=\"widget\" data-widget_type=\"image-box.default\">\n\t\t\t\t\t<div class=\"elementor-image-box-wrapper\"><figure class=\"elementor-image-box-img\"><img loading=\"lazy\" decoding=\"async\" width=\"1438\" height=\"1438\" src=\"https:\/\/tucasaambientes.com.br\/wp-content\/uploads\/2026\/03\/IMG_9959-scaled-e1772580977821.jpg\" class=\"elementor-animation-shrink attachment-full size-full wp-image-1039\" alt=\"\" srcset=\"https:\/\/tucasaambientes.com.br\/wp-content\/uploads\/2026\/03\/IMG_9959-scaled-e1772580977821.jpg 1438w, https:\/\/tucasaambientes.com.br\/wp-content\/uploads\/2026\/03\/IMG_9959-scaled-e1772580977821-300x300.jpg 300w, https:\/\/tucasaambientes.com.br\/wp-content\/uploads\/2026\/03\/IMG_9959-scaled-e1772580977821-1024x1024.jpg 1024w, https:\/\/tucasaambientes.com.br\/wp-content\/uploads\/2026\/03\/IMG_9959-scaled-e1772580977821-150x150.jpg 150w, https:\/\/tucasaambientes.com.br\/wp-content\/uploads\/2026\/03\/IMG_9959-scaled-e1772580977821-768x768.jpg 768w\" sizes=\"(max-width: 1438px) 100vw, 1438px\" \/><\/figure><div class=\"elementor-image-box-content\"><h3 class=\"elementor-image-box-title\">Sofistica\u00e7\u00e3o Minimalista<\/h3><p class=\"elementor-image-box-description\">Linhas limpas, portas bem alinhadas e acabamento refinado criam uma cozinha elegante e leve. O m\u00f3vel planejado permite personaliza\u00e7\u00e3o completa, resultando em um ambiente moderno e sofisticado.<\/p><\/div><\/div>\t\t\t\t<\/div>\n\t\t\t\t<\/div>\n\t\t<div class=\"elementor-element elementor-element-38155cb e-con-full e-flex e-con e-child\" data-id=\"38155cb\" data-element_type=\"container\" data-e-type=\"container\">\n\t\t\t\t<div class=\"elementor-element elementor-element-05afd79 elementor-position-top elementor-widget elementor-widget-image-box\" data-id=\"05afd79\" data-element_type=\"widget\" data-e-type=\"widget\" data-widget_type=\"image-box.default\">\n\t\t\t\t\t<div class=\"elementor-image-box-wrapper\"><figure class=\"elementor-image-box-img\"><img loading=\"lazy\" decoding=\"async\" width=\"1450\" height=\"1450\" src=\"https:\/\/tucasaambientes.com.br\/wp-content\/uploads\/2026\/03\/IMG_6128-e1772581151308.jpg\" class=\"elementor-animation-shrink attachment-full size-full wp-image-1032\" alt=\"\" srcset=\"https:\/\/tucasaambientes.com.br\/wp-content\/uploads\/2026\/03\/IMG_6128-e1772581151308.jpg 1450w, https:\/\/tucasaambientes.com.br\/wp-content\/uploads\/2026\/03\/IMG_6128-e1772581151308-300x300.jpg 300w, https:\/\/tucasaambientes.com.br\/wp-content\/uploads\/2026\/03\/IMG_6128-e1772581151308-1024x1024.jpg 1024w, https:\/\/tucasaambientes.com.br\/wp-content\/uploads\/2026\/03\/IMG_6128-e1772581151308-150x150.jpg 150w, https:\/\/tucasaambientes.com.br\/wp-content\/uploads\/2026\/03\/IMG_6128-e1772581151308-768x768.jpg 768w\" sizes=\"(max-width: 1450px) 100vw, 1450px\" \/><\/figure><div class=\"elementor-image-box-content\"><h3 class=\"elementor-image-box-title\">Clean e Imponente<\/h3><p class=\"elementor-image-box-description\">A ilha robusta combinada com ilumina\u00e7\u00e3o em LED valoriza o design e amplia a sensa\u00e7\u00e3o de espa\u00e7o. Os m\u00f3veis planejados garantem organiza\u00e7\u00e3o interna estrat\u00e9gica, funcionalidade e um visual contempor\u00e2neo marcante.\n<\/p><\/div><\/div>\t\t\t\t<\/div>\n\t\t\t\t<\/div>\n\t\t<div class=\"elementor-element elementor-element-09a5f51 e-con-full e-flex e-con e-child\" data-id=\"09a5f51\" data-element_type=\"container\" data-e-type=\"container\">\n\t\t\t\t<div class=\"elementor-element elementor-element-f41290d elementor-position-top elementor-widget elementor-widget-image-box\" data-id=\"f41290d\" data-element_type=\"widget\" data-e-type=\"widget\" data-widget_type=\"image-box.default\">\n\t\t\t\t\t<div class=\"elementor-image-box-wrapper\"><figure class=\"elementor-image-box-img\"><img loading=\"lazy\" decoding=\"async\" width=\"1438\" height=\"1438\" src=\"https:\/\/tucasaambientes.com.br\/wp-content\/uploads\/2026\/03\/IMG_6778-scaled-e1772581252392.jpg\" class=\"elementor-animation-shrink attachment-full size-full wp-image-1046\" alt=\"\" srcset=\"https:\/\/tucasaambientes.com.br\/wp-content\/uploads\/2026\/03\/IMG_6778-scaled-e1772581252392.jpg 1438w, https:\/\/tucasaambientes.com.br\/wp-content\/uploads\/2026\/03\/IMG_6778-scaled-e1772581252392-300x300.jpg 300w, https:\/\/tucasaambientes.com.br\/wp-content\/uploads\/2026\/03\/IMG_6778-scaled-e1772581252392-1024x1024.jpg 1024w, https:\/\/tucasaambientes.com.br\/wp-content\/uploads\/2026\/03\/IMG_6778-scaled-e1772581252392-150x150.jpg 150w, https:\/\/tucasaambientes.com.br\/wp-content\/uploads\/2026\/03\/IMG_6778-scaled-e1772581252392-768x768.jpg 768w\" sizes=\"(max-width: 1438px) 100vw, 1438px\" \/><\/figure><div class=\"elementor-image-box-content\"><h3 class=\"elementor-image-box-title\">Funcionalidade Profissional<\/h3><p class=\"elementor-image-box-description\">Inspirada no estilo industrial, essa cozinha une praticidade e resist\u00eancia. Um projeto pensado para alta performance, com m\u00f3veis planejados duradouros, layout inteligente e design funcional para o dia a dia.<\/p><\/div><\/div>\t\t\t\t<\/div>\n\t\t\t\t<\/div>\n\t\t\t\t\t<\/div>\n\t\t\t\t<\/div>\n\t\t<div class=\"elementor-element elementor-element-0a39e3b e-flex e-con-boxed e-con e-parent\" data-id=\"0a39e3b\" data-element_type=\"container\" data-e-type=\"container\">\n\t\t\t\t\t<div class=\"e-con-inner\">\n\t\t\t\t<div class=\"elementor-element elementor-element-1242e60 elementor-widget elementor-widget-heading\" data-id=\"1242e60\" data-element_type=\"widget\" data-e-type=\"widget\" data-widget_type=\"heading.default\">\n\t\t\t\t\t<h2 class=\"elementor-heading-title elementor-size-default\">Experi\u00eancia completa em v\u00eddeo<\/h2>\t\t\t\t<\/div>\n\t\t\t\t<div class=\"elementor-element elementor-element-4e53833 elementor-widget elementor-widget-heading\" data-id=\"4e53833\" data-element_type=\"widget\" data-e-type=\"widget\" data-widget_type=\"heading.default\">\n\t\t\t\t\t<h2 class=\"elementor-heading-title elementor-size-default\">N\u00f3s v\u00eddeos abaixo, voc\u00ea confere mais detalhes, acabamentos e solu\u00e7\u00f5es aplicadas em diferentes projetos de cozinha.<\/h2>\t\t\t\t<\/div>\n\t\t\t\t\t<\/div>\n\t\t\t\t<\/div>\n\t\t<div class=\"elementor-element elementor-element-1010c8d e-flex e-con-boxed e-con e-parent\" data-id=\"1010c8d\" data-element_type=\"container\" data-e-type=\"container\">\n\t\t\t\t\t<div class=\"e-con-inner\">\n\t\t<div class=\"elementor-element elementor-element-fbc3d56 e-con-full e-flex e-con e-child\" data-id=\"fbc3d56\" data-element_type=\"container\" data-e-type=\"container\">\n\t\t\t\t<div class=\"elementor-element elementor-element-dbfab4d elementor-widget elementor-widget-wp-widget-media_video\" data-id=\"dbfab4d\" data-element_type=\"widget\" data-e-type=\"widget\" data-widget_type=\"wp-widget-media_video.default\">\n\t\t\t\t<div class=\"elementor-widget-container\">\n\t\t\t\t\t<div style=\"width:100%;\" class=\"wp-video\"><video class=\"wp-video-shortcode\" id=\"video-1028-1\" preload=\"auto\" controls=\"controls\"><source type=\"video\/mp4\" src=\"https:\/\/tucasaambientes.com.br\/wp-content\/uploads\/2026\/03\/IMG_6184.mp4?_=1\" \/><source type=\"video\/mp4\" src=\"http:\/\/tucasaambientes.com.br\/wp-content\/uploads\/2026\/03\/IMG_6184.mp4?_=1\" \/><a href=\"https:\/\/tucasaambientes.com.br\/wp-content\/uploads\/2026\/03\/IMG_6184.mp4\">https:\/\/tucasaambientes.com.br\/wp-content\/uploads\/2026\/03\/IMG_6184.mp4<\/a><\/video><\/div>\t\t\t\t<\/div>\n\t\t\t\t<\/div>\n\t\t\t\t<\/div>\n\t\t<div class=\"elementor-element elementor-element-154bb31 e-con-full e-flex e-con e-child\" data-id=\"154bb31\" data-element_type=\"container\" data-e-type=\"container\">\n\t\t\t\t<div class=\"elementor-element elementor-element-ab2d492 elementor-widget elementor-widget-wp-widget-media_video\" data-id=\"ab2d492\" data-element_type=\"widget\" data-e-type=\"widget\" data-widget_type=\"wp-widget-media_video.default\">\n\t\t\t\t<div class=\"elementor-widget-container\">\n\t\t\t\t\t<div style=\"width:100%;\" class=\"wp-video\"><video class=\"wp-video-shortcode\" id=\"video-1028-2\" preload=\"auto\" controls=\"controls\"><source type=\"video\/mp4\" src=\"https:\/\/tucasaambientes.com.br\/wp-content\/uploads\/2026\/03\/IMG_7447.mp4?_=2\" \/><source type=\"video\/mp4\" src=\"http:\/\/tucasaambientes.com.br\/wp-content\/uploads\/2026\/03\/IMG_7447.mp4?_=2\" \/><a href=\"https:\/\/tucasaambientes.com.br\/wp-content\/uploads\/2026\/03\/IMG_7447.mp4\">https:\/\/tucasaambientes.com.br\/wp-content\/uploads\/2026\/03\/IMG_7447.mp4<\/a><\/video><\/div>\t\t\t\t<\/div>\n\t\t\t\t<\/div>\n\t\t\t\t<\/div>\n\t\t<div class=\"elementor-element elementor-element-3ade686 e-con-full e-flex e-con e-child\" data-id=\"3ade686\" data-element_type=\"container\" data-e-type=\"container\">\n\t\t\t\t<div class=\"elementor-element elementor-element-f0bbd0e elementor-widget elementor-widget-wp-widget-media_video\" data-id=\"f0bbd0e\" data-element_type=\"widget\" data-e-type=\"widget\" data-widget_type=\"wp-widget-media_video.default\">\n\t\t\t\t<div class=\"elementor-widget-container\">\n\t\t\t\t\t<div style=\"width:100%;\" class=\"wp-video\"><video class=\"wp-video-shortcode\" id=\"video-1028-3\" preload=\"auto\" controls=\"controls\"><source type=\"video\/mp4\" src=\"https:\/\/tucasaambientes.com.br\/wp-content\/uploads\/2026\/03\/IMG_7460.mp4?_=3\" \/><source type=\"video\/mp4\" src=\"http:\/\/tucasaambientes.com.br\/wp-content\/uploads\/2026\/03\/IMG_7460.mp4?_=3\" \/><a href=\"https:\/\/tucasaambientes.com.br\/wp-content\/uploads\/2026\/03\/IMG_7460.mp4\">https:\/\/tucasaambientes.com.br\/wp-content\/uploads\/2026\/03\/IMG_7460.mp4<\/a><\/video><\/div>\t\t\t\t<\/div>\n\t\t\t\t<\/div>\n\t\t\t\t<\/div>\n\t\t<div class=\"elementor-element elementor-element-eba9336 e-con-full e-flex e-con e-child\" data-id=\"eba9336\" data-element_type=\"container\" data-e-type=\"container\">\n\t\t\t\t<div class=\"elementor-element elementor-element-518d3e1 elementor-widget elementor-widget-wp-widget-media_video\" data-id=\"518d3e1\" data-element_type=\"widget\" data-e-type=\"widget\" data-widget_type=\"wp-widget-media_video.default\">\n\t\t\t\t<div class=\"elementor-widget-container\">\n\t\t\t\t\t<div style=\"width:100%;\" class=\"wp-video\"><video class=\"wp-video-shortcode\" id=\"video-1028-4\" preload=\"auto\" controls=\"controls\"><source type=\"video\/mp4\" src=\"https:\/\/tucasaambientes.com.br\/wp-content\/uploads\/2026\/03\/IMG_9963.mp4?_=4\" \/><source type=\"video\/mp4\" src=\"http:\/\/tucasaambientes.com.br\/wp-content\/uploads\/2026\/03\/IMG_9963.mp4?_=4\" \/><a href=\"https:\/\/tucasaambientes.com.br\/wp-content\/uploads\/2026\/03\/IMG_9963.mp4\">https:\/\/tucasaambientes.com.br\/wp-content\/uploads\/2026\/03\/IMG_9963.mp4<\/a><\/video><\/div>\t\t\t\t<\/div>\n\t\t\t\t<\/div>\n\t\t\t\t<\/div>\n\t\t<div class=\"elementor-element elementor-element-825dba9 e-con-full e-flex e-con e-child\" data-id=\"825dba9\" data-element_type=\"container\" data-e-type=\"container\">\n\t\t\t\t<div class=\"elementor-element elementor-element-53fa36a elementor-widget elementor-widget-wp-widget-media_video\" data-id=\"53fa36a\" data-element_type=\"widget\" data-e-type=\"widget\" data-widget_type=\"wp-widget-media_video.default\">\n\t\t\t\t<div class=\"elementor-widget-container\">\n\t\t\t\t\t<div style=\"width:100%;\" class=\"wp-video\"><video class=\"wp-video-shortcode\" id=\"video-1028-5\" preload=\"auto\" controls=\"controls\"><source type=\"video\/mp4\" src=\"https:\/\/tucasaambientes.com.br\/wp-content\/uploads\/2026\/03\/IMG_6132.mp4?_=5\" \/><source type=\"video\/mp4\" src=\"http:\/\/tucasaambientes.com.br\/wp-content\/uploads\/2026\/03\/IMG_6132.mp4?_=5\" \/><a href=\"https:\/\/tucasaambientes.com.br\/wp-content\/uploads\/2026\/03\/IMG_6132.mp4\">https:\/\/tucasaambientes.com.br\/wp-content\/uploads\/2026\/03\/IMG_6132.mp4<\/a><\/video><\/div>\t\t\t\t<\/div>\n\t\t\t\t<\/div>\n\t\t\t\t<\/div>\n\t\t<div class=\"elementor-element elementor-element-1bac9ce e-con-full e-flex e-con e-child\" data-id=\"1bac9ce\" data-element_type=\"container\" data-e-type=\"container\">\n\t\t\t\t<div class=\"elementor-element elementor-element-771467a elementor-widget elementor-widget-wp-widget-media_video\" data-id=\"771467a\" data-element_type=\"widget\" data-e-type=\"widget\" data-widget_type=\"wp-widget-media_video.default\">\n\t\t\t\t<div class=\"elementor-widget-container\">\n\t\t\t\t\t<div style=\"width:100%;\" class=\"wp-video\"><video class=\"wp-video-shortcode\" id=\"video-1028-6\" preload=\"auto\" controls=\"controls\"><source type=\"video\/mp4\" src=\"https:\/\/tucasaambientes.com.br\/wp-content\/uploads\/2026\/03\/IMG_6780.mp4?_=6\" \/><source type=\"video\/mp4\" src=\"http:\/\/tucasaambientes.com.br\/wp-content\/uploads\/2026\/03\/IMG_6780.mp4?_=6\" \/><a href=\"https:\/\/tucasaambientes.com.br\/wp-content\/uploads\/2026\/03\/IMG_6780.mp4\">https:\/\/tucasaambientes.com.br\/wp-content\/uploads\/2026\/03\/IMG_6780.mp4<\/a><\/video><\/div>\t\t\t\t<\/div>\n\t\t\t\t<\/div>\n\t\t\t\t<\/div>\n\t\t\t\t\t<\/div>\n\t\t\t\t<\/div>\n\t\t\t\t<\/div>\n\t\t","protected":false},"excerpt":{"rendered":"<p>PORTIF\u00d3LIO COZINHA Cozinhas para se Inspirar A cozinha \u00e9 o cora\u00e7\u00e3o da casa. \u00c9 onde os encontros acontecem, as receitas ganham vida e os momentos em fam\u00edlia se tornam mem\u00f3rias. Uma cozinha planejada une est\u00e9tica, funcionalidade e aproveitamento inteligente de cada espa\u00e7o, criando um ambiente bonito, organizado e feito sob medida para a sua rotina. [&hellip;]<\/p>\n","protected":false},"author":1,"featured_media":0,"parent":0,"menu_order":0,"comment_status":"closed","ping_status":"closed","template":"elementor_header_footer","meta":{"_joinchat":[],"footnotes":""},"class_list":["post-1028","page","type-page","status-publish","hentry"],"_links":{"self":[{"href":"https:\/\/tucasaambientes.com.br\/index.php\/wp-json\/wp\/v2\/pages\/1028","targetHints":{"allow":["GET"]}}],"collection":[{"href":"https:\/\/tucasaambientes.com.br\/index.php\/wp-json\/wp\/v2\/pages"}],"about":[{"href":"https:\/\/tucasaambientes.com.br\/index.php\/wp-json\/wp\/v2\/types\/page"}],"author":[{"embeddable":true,"href":"https:\/\/tucasaambientes.com.br\/index.php\/wp-json\/wp\/v2\/users\/1"}],"replies":[{"embeddable":true,"href":"https:\/\/tucasaambientes.com.br\/index.php\/wp-json\/wp\/v2\/comments?post=1028"}],"version-history":[{"count":37,"href":"https:\/\/tucasaambientes.com.br\/index.php\/wp-json\/wp\/v2\/pages\/1028\/revisions"}],"predecessor-version":[{"id":1103,"href":"https:\/\/tucasaambientes.com.br\/index.php\/wp-json\/wp\/v2\/pages\/1028\/revisions\/1103"}],"wp:attachment":[{"href":"https:\/\/tucasaambientes.com.br\/index.php\/wp-json\/wp\/v2\/media?parent=1028"}],"curies":[{"name":"wp","href":"https:\/\/api.w.org\/{rel}","templated":true}]}}